{"id":9,"date":"2025-06-30T20:59:34","date_gmt":"2025-07-01T00:59:34","guid":{"rendered":"https:\/\/eslared.net\/walc2025\/?page_id=9"},"modified":"2025-10-14T23:01:00","modified_gmt":"2025-10-15T03:01:00","slug":"inicio","status":"publish","type":"page","link":"https:\/\/eslared.net\/walc2025\/","title":{"rendered":"Inicio"},"content":{"rendered":"\t\t<div data-elementor-type=\"wp-page\" data-elementor-id=\"9\" class=\"elementor elementor-9\">\n\t\t\t\t<div class=\"elementor-element elementor-element-ebb838a e-flex e-con-boxed e-con e-parent\" data-id=\"ebb838a\" data-element_type=\"container\">\n\t\t\t\t\t<div class=\"e-con-inner\">\n\t\t\t\t<div class=\"elementor-element elementor-element-955790e elementor-widget elementor-widget-heading\" data-id=\"955790e\" data-element_type=\"widget\" data-widget_type=\"heading.default\">\n\t\t\t\t<div class=\"elementor-widget-container\">\n\t\t\t\t\t<h1 class=\"elementor-heading-title elementor-size-default\">Workshop para Am\u00e9rica Latina y el Caribe (WALC)<\/h1>\t\t\t\t<\/div>\n\t\t\t\t<\/div>\n\t\t\t\t\t<\/div>\n\t\t\t\t<\/div>\n\t\t<div class=\"elementor-element elementor-element-779fd32 e-flex e-con-boxed e-con e-parent\" data-id=\"779fd32\" data-element_type=\"container\">\n\t\t\t\t\t<div class=\"e-con-inner\">\n\t\t\t\t<div class=\"elementor-element elementor-element-6eaea5a elementor-widget elementor-widget-heading\" data-id=\"6eaea5a\" data-element_type=\"widget\" data-widget_type=\"heading.default\">\n\t\t\t\t<div class=\"elementor-widget-container\">\n\t\t\t\t\t<h1 class=\"elementor-heading-title elementor-size-default\">28\u00b0 edici\u00f3n \u2013 10 al 14 de noviembre de 2025<\/h1>\t\t\t\t<\/div>\n\t\t\t\t<\/div>\n\t\t\t\t\t<\/div>\n\t\t\t\t<\/div>\n\t\t<div class=\"elementor-element elementor-element-8f4b43d e-flex e-con-boxed e-con e-parent\" data-id=\"8f4b43d\" data-element_type=\"container\">\n\t\t\t\t\t<div class=\"e-con-inner\">\n\t\t\t\t<div class=\"elementor-element elementor-element-c099a22 elementor-widget elementor-widget-text-editor\" data-id=\"c099a22\" data-element_type=\"widget\" data-widget_type=\"text-editor.default\">\n\t\t\t\t<div class=\"elementor-widget-container\">\n\t\t\t\t\t\t\t\t\t<p style=\"text-align: justify;\">Les damos la bienvenida a la 28\u00b0 edici\u00f3n del Worksop para Am\u00e9rica Latina y el Caribe (WALC), que en esta oportunidad ser\u00e1 <span style=\"color: #1f758e;\"><strong>online<\/strong><\/span>, con seis tracks simult\u00e1neos. El evento se realizar\u00e1 del 10 al 14 de noviembre del 2025.<\/p><p style=\"text-align: justify;\">Este a\u00f1o cumplimos 33 a\u00f1os de ininterrumpida labor acad\u00e9mica, gracias a nuestros excelentes instructores que no han escatimado esfuerzos en su dedicaci\u00f3n a la formaci\u00f3n de profesionales en tecnolog\u00edas de informaci\u00f3n y comunicaci\u00f3n en nuestra regi\u00f3n, as\u00ed como a las instituciones que han soportado esta iniciativa durante m\u00e1s de tres d\u00e9cadas. Entre ellas cabe destacar el International Centre for Theoertical Physics (ICTP), la Internet Society, el Network Startup Resource Center (NSRC) y LACNIC, as\u00ed como las instituciones acad\u00e9micas que han prestado sus sedes para la realizaci\u00f3n de nuestras actividades.<\/p><p style=\"text-align: justify;\">Este a\u00f1o tendremos talleres de: IPv6 con Mikrotik, Gesti\u00f3n y Monitoreo de Redes, Inteligencia Artificial Aplicada, IoT Machine Learning, Servicios en la Nube y Redes Comunitarias.<\/p>\t\t\t\t\t\t\t\t<\/div>\n\t\t\t\t<\/div>\n\t\t\t\t\t<\/div>\n\t\t\t\t<\/div>\n\t\t<div class=\"elementor-element elementor-element-a65d062 e-flex e-con-boxed e-con e-parent\" data-id=\"a65d062\" data-element_type=\"container\">\n\t\t\t\t\t<div class=\"e-con-inner\">\n\t\t\t\t<div class=\"elementor-element elementor-element-4cc9236 elementor-widget elementor-widget-spacer\" data-id=\"4cc9236\" data-element_type=\"widget\" data-widget_type=\"spacer.default\">\n\t\t\t\t<div class=\"elementor-widget-container\">\n\t\t\t\t\t\t\t<div class=\"elementor-spacer\">\n\t\t\t<div class=\"elementor-spacer-inner\"><\/div>\n\t\t<\/div>\n\t\t\t\t\t\t<\/div>\n\t\t\t\t<\/div>\n\t\t\t\t\t<\/div>\n\t\t\t\t<\/div>\n\t\t<div class=\"elementor-element elementor-element-fb0d206 e-flex e-con-boxed e-con e-parent\" data-id=\"fb0d206\" data-element_type=\"container\">\n\t\t\t\t\t<div class=\"e-con-inner\">\n\t\t\t\t<div class=\"elementor-element elementor-element-6cd2260 elementor-widget elementor-widget-heading\" data-id=\"6cd2260\" data-element_type=\"widget\" data-widget_type=\"heading.default\">\n\t\t\t\t<div class=\"elementor-widget-container\">\n\t\t\t\t\t<h2 class=\"elementor-heading-title elementor-size-default\">Prop\u00f3sitos y modalidades de formaci\u00f3n<\/h2>\t\t\t\t<\/div>\n\t\t\t\t<\/div>\n\t\t\t\t\t<\/div>\n\t\t\t\t<\/div>\n\t\t<div class=\"elementor-element elementor-element-76a4480 e-flex e-con-boxed e-con e-parent\" data-id=\"76a4480\" data-element_type=\"container\">\n\t\t\t\t\t<div class=\"e-con-inner\">\n\t\t\t\t<div class=\"elementor-element elementor-element-8bd1eea elementor-widget elementor-widget-text-editor\" data-id=\"8bd1eea\" data-element_type=\"widget\" data-widget_type=\"text-editor.default\">\n\t\t\t\t<div class=\"elementor-widget-container\">\n\t\t\t\t\t\t\t\t\t<p style=\"text-align: justify;\">Contribuir a satisfacer las necesidades de capacitaci\u00f3n de t\u00e9cnicos y profesionales de pa\u00edses de Am\u00e9rica Latina y del Caribe, en el \u00e1rea de las tecnolog\u00edas de informaci\u00f3n y comunicaci\u00f3n, con \u00e9nfasis en los aspectos pr\u00e1cticos de las redes, la organizaci\u00f3n y administraci\u00f3n de proyectos en TIC y en los desarrollos tecnol\u00f3gicos recientes en estos campos, continuando una tradici\u00f3n que comenz\u00f3 en 1992.<\/p><p style=\"text-align: justify;\">Se pretende identificar y establecer v\u00ednculos individuales e institucionales, que contribuyan al desarrollo de proyectos cooperativos de alcance nacional o regional que aprovechan las TIC para la formaci\u00f3n de recursos humanos; as\u00ed como proponer soluciones a las variadas necesidades que enfrenta la regi\u00f3n en sectores como Educaci\u00f3n, Salud y Ambiente. En el pasado, esto ha permitido crear fruct\u00edferas iniciativas de positivo impacto en Latinoam\u00e9rica.<\/p><p style=\"text-align: justify;\">Contaremos con la participaci\u00f3n de instructores residentes en la regi\u00f3n Latinoamericana, as\u00ed como de otros provenientes de EEUU, Canad\u00e1 y Europa, asociados a instituciones de educaci\u00f3n superior, centros de investigaci\u00f3n en innovaci\u00f3n tecnol\u00f3gica, organismos internacionales que proveen servicios de formaci\u00f3n a pa\u00edses en v\u00edas de desarrollo, empresas del sector privado y otras organizaciones dedicadas a ofrecer y promover servicios de Internet.<\/p>\t\t\t\t\t\t\t\t<\/div>\n\t\t\t\t<\/div>\n\t\t\t\t\t<\/div>\n\t\t\t\t<\/div>\n\t\t\t\t<\/div>\n\t\t","protected":false},"excerpt":{"rendered":"<p>Workshop para Am\u00e9rica Latina y el Caribe (WALC) 28\u00b0 edici\u00f3n \u2013 10 al 14 de noviembre de 2025 Les damos la bienvenida a la 28\u00b0 edici\u00f3n del Worksop para Am\u00e9rica Latina y el Caribe (WALC), que en esta oportunidad ser\u00e1 &hellip; <a href=\"https:\/\/eslared.net\/walc2025\/\">Continuar<\/a><\/p>\n","protected":false},"author":1,"featured_media":0,"parent":0,"menu_order":0,"comment_status":"closed","ping_status":"closed","template":"","meta":{"footnotes":""},"class_list":["post-9","page","type-page","status-publish","hentry"],"_links":{"self":[{"href":"https:\/\/eslared.net\/walc2025\/wp-json\/wp\/v2\/pages\/9","targetHints":{"allow":["GET"]}}],"collection":[{"href":"https:\/\/eslared.net\/walc2025\/wp-json\/wp\/v2\/pages"}],"about":[{"href":"https:\/\/eslared.net\/walc2025\/wp-json\/wp\/v2\/types\/page"}],"author":[{"embeddable":true,"href":"https:\/\/eslared.net\/walc2025\/wp-json\/wp\/v2\/users\/1"}],"replies":[{"embeddable":true,"href":"https:\/\/eslared.net\/walc2025\/wp-json\/wp\/v2\/comments?post=9"}],"version-history":[{"count":34,"href":"https:\/\/eslared.net\/walc2025\/wp-json\/wp\/v2\/pages\/9\/revisions"}],"predecessor-version":[{"id":847,"href":"https:\/\/eslared.net\/walc2025\/wp-json\/wp\/v2\/pages\/9\/revisions\/847"}],"wp:attachment":[{"href":"https:\/\/eslared.net\/walc2025\/wp-json\/wp\/v2\/media?parent=9"}],"curies":[{"name":"wp","href":"https:\/\/api.w.org\/{rel}","templated":true}]}}