{"id":67,"date":"2025-06-30T22:31:31","date_gmt":"2025-07-01T02:31:31","guid":{"rendered":"https:\/\/eslared.net\/walc2025\/?page_id=67"},"modified":"2025-07-12T22:01:55","modified_gmt":"2025-07-13T02:01:55","slug":"matricula","status":"publish","type":"page","link":"https:\/\/eslared.net\/walc2025\/matricula\/","title":{"rendered":"Matr\u00edcula"},"content":{"rendered":"\t\t<div data-elementor-type=\"wp-page\" data-elementor-id=\"67\" class=\"elementor elementor-67\">\n\t\t\t\t<div class=\"elementor-element elementor-element-26515c3 e-flex e-con-boxed e-con e-parent\" data-id=\"26515c3\" data-element_type=\"container\">\n\t\t\t\t\t<div class=\"e-con-inner\">\n\t\t\t\t<div class=\"elementor-element elementor-element-dc61944 elementor-widget elementor-widget-heading\" data-id=\"dc61944\" data-element_type=\"widget\" data-widget_type=\"heading.default\">\n\t\t\t\t<div class=\"elementor-widget-container\">\n\t\t\t\t\t<h1 class=\"elementor-heading-title elementor-size-default\">Matr\u00edcula<\/h1>\t\t\t\t<\/div>\n\t\t\t\t<\/div>\n\t\t\t\t\t<\/div>\n\t\t\t\t<\/div>\n\t\t<div class=\"elementor-element elementor-element-d310743 e-flex e-con-boxed e-con e-parent\" data-id=\"d310743\" data-element_type=\"container\">\n\t\t\t\t\t<div class=\"e-con-inner\">\n\t\t<div class=\"elementor-element elementor-element-03d7424 e-con-full e-flex e-con e-child\" data-id=\"03d7424\" data-element_type=\"container\">\n\t\t\t\t<div class=\"elementor-element elementor-element-48bf6d6 elementor-widget elementor-widget-heading\" data-id=\"48bf6d6\" data-element_type=\"widget\" data-widget_type=\"heading.default\">\n\t\t\t\t<div class=\"elementor-widget-container\">\n\t\t\t\t\t<h3 class=\"elementor-heading-title elementor-size-default\">Inversi\u00f3n<\/h3>\t\t\t\t<\/div>\n\t\t\t\t<\/div>\n\t\t\t\t<div class=\"elementor-element elementor-element-45eedb8 elementor-widget elementor-widget-text-editor\" data-id=\"45eedb8\" data-element_type=\"widget\" data-widget_type=\"text-editor.default\">\n\t\t\t\t<div class=\"elementor-widget-container\">\n\t\t\t\t\t\t\t\t\t<p>Inscripci\u00f3n gratuita.<\/p>\t\t\t\t\t\t\t\t<\/div>\n\t\t\t\t<\/div>\n\t\t\t\t<div class=\"elementor-element elementor-element-0ef167e elementor-widget elementor-widget-heading\" data-id=\"0ef167e\" data-element_type=\"widget\" data-widget_type=\"heading.default\">\n\t\t\t\t<div class=\"elementor-widget-container\">\n\t\t\t\t\t<h3 class=\"elementor-heading-title elementor-size-default\">Incluye<\/h3>\t\t\t\t<\/div>\n\t\t\t\t<\/div>\n\t\t\t\t<div class=\"elementor-element elementor-element-f124dfc elementor-widget elementor-widget-text-editor\" data-id=\"f124dfc\" data-element_type=\"widget\" data-widget_type=\"text-editor.default\">\n\t\t\t\t<div class=\"elementor-widget-container\">\n\t\t\t\t\t\t\t\t\t<p>Participaci\u00f3n en el taller seleccionado, material de apoyo digitalizado y certificado de participaci\u00f3n digitalizado.<\/p>\t\t\t\t\t\t\t\t<\/div>\n\t\t\t\t<\/div>\n\t\t\t\t<\/div>\n\t\t<div class=\"elementor-element elementor-element-28f30a9 e-con-full e-flex e-con e-child\" data-id=\"28f30a9\" data-element_type=\"container\">\n\t\t\t\t<div class=\"elementor-element elementor-element-e49c8af elementor-widget elementor-widget-heading\" data-id=\"e49c8af\" data-element_type=\"widget\" data-widget_type=\"heading.default\">\n\t\t\t\t<div class=\"elementor-widget-container\">\n\t\t\t\t\t<h3 class=\"elementor-heading-title elementor-size-default\">Notas<\/h3>\t\t\t\t<\/div>\n\t\t\t\t<\/div>\n\t\t\t\t<div class=\"elementor-element elementor-element-c58f20c elementor-widget elementor-widget-text-editor\" data-id=\"c58f20c\" data-element_type=\"widget\" data-widget_type=\"text-editor.default\">\n\t\t\t\t<div class=\"elementor-widget-container\">\n\t\t\t\t\t\t\t\t\t<ul><li>Los seis (6) talleres te\u00f3rico-pr\u00e1cticos, se impartir\u00e1n simult\u00e1neamente del 10 al 14 de noviembre 2025, por lo que solo puede participar en un taller.<\/li><li>Existe un n\u00famero limitado de cupos que depende del taller seleccionado (ver programa correspondiente).<\/li><\/ul>\t\t\t\t\t\t\t\t<\/div>\n\t\t\t\t<\/div>\n\t\t\t\t<\/div>\n\t\t\t\t\t<\/div>\n\t\t\t\t<\/div>\n\t\t\t\t<\/div>\n\t\t","protected":false},"excerpt":{"rendered":"<p>Matr\u00edcula Inversi\u00f3n Inscripci\u00f3n gratuita. Incluye Participaci\u00f3n en el taller seleccionado, material de apoyo digitalizado y certificado de participaci\u00f3n digitalizado. Notas Los seis (6) talleres te\u00f3rico-pr\u00e1cticos, se impartir\u00e1n simult\u00e1neamente del 10 al 14 de noviembre 2025, por lo que solo puede &hellip; <a href=\"https:\/\/eslared.net\/walc2025\/matricula\/\">Continuar<\/a><\/p>\n","protected":false},"author":1,"featured_media":0,"parent":0,"menu_order":0,"comment_status":"closed","ping_status":"closed","template":"","meta":{"footnotes":""},"class_list":["post-67","page","type-page","status-publish","hentry"],"_links":{"self":[{"href":"https:\/\/eslared.net\/walc2025\/wp-json\/wp\/v2\/pages\/67","targetHints":{"allow":["GET"]}}],"collection":[{"href":"https:\/\/eslared.net\/walc2025\/wp-json\/wp\/v2\/pages"}],"about":[{"href":"https:\/\/eslared.net\/walc2025\/wp-json\/wp\/v2\/types\/page"}],"author":[{"embeddable":true,"href":"https:\/\/eslared.net\/walc2025\/wp-json\/wp\/v2\/users\/1"}],"replies":[{"embeddable":true,"href":"https:\/\/eslared.net\/walc2025\/wp-json\/wp\/v2\/comments?post=67"}],"version-history":[{"count":10,"href":"https:\/\/eslared.net\/walc2025\/wp-json\/wp\/v2\/pages\/67\/revisions"}],"predecessor-version":[{"id":345,"href":"https:\/\/eslared.net\/walc2025\/wp-json\/wp\/v2\/pages\/67\/revisions\/345"}],"wp:attachment":[{"href":"https:\/\/eslared.net\/walc2025\/wp-json\/wp\/v2\/media?parent=67"}],"curies":[{"name":"wp","href":"https:\/\/api.w.org\/{rel}","templated":true}]}}