{"id":49,"date":"2025-06-30T22:10:10","date_gmt":"2025-07-01T02:10:10","guid":{"rendered":"https:\/\/eslared.net\/walc2025\/?page_id=49"},"modified":"2025-06-30T22:28:26","modified_gmt":"2025-07-01T02:28:26","slug":"organizacion","status":"publish","type":"page","link":"https:\/\/eslared.net\/walc2025\/organizacion\/","title":{"rendered":"Organizaci\u00f3n"},"content":{"rendered":"\t\t<div data-elementor-type=\"wp-page\" data-elementor-id=\"49\" class=\"elementor elementor-49\">\n\t\t\t\t<div class=\"elementor-element elementor-element-fb815f1 e-flex e-con-boxed e-con e-parent\" data-id=\"fb815f1\" data-element_type=\"container\">\n\t\t\t\t\t<div class=\"e-con-inner\">\n\t\t\t\t<div class=\"elementor-element elementor-element-106a1db elementor-widget elementor-widget-heading\" data-id=\"106a1db\" data-element_type=\"widget\" data-widget_type=\"heading.default\">\n\t\t\t\t<div class=\"elementor-widget-container\">\n\t\t\t\t\t<h1 class=\"elementor-heading-title elementor-size-default\">Organizaci\u00f3n<\/h1>\t\t\t\t<\/div>\n\t\t\t\t<\/div>\n\t\t\t\t\t<\/div>\n\t\t\t\t<\/div>\n\t\t<div class=\"elementor-element elementor-element-a61489c e-flex e-con-boxed e-con e-parent\" data-id=\"a61489c\" data-element_type=\"container\">\n\t\t\t\t\t<div class=\"e-con-inner\">\n\t\t<div class=\"elementor-element elementor-element-d330a87 e-con-full e-flex e-con e-child\" data-id=\"d330a87\" data-element_type=\"container\">\n\t\t\t\t<div class=\"elementor-element elementor-element-9fa9dde elementor-widget elementor-widget-heading\" data-id=\"9fa9dde\" data-element_type=\"widget\" data-widget_type=\"heading.default\">\n\t\t\t\t<div class=\"elementor-widget-container\">\n\t\t\t\t\t<h3 class=\"elementor-heading-title elementor-size-default\">Organizaci\u00f3n General<\/h3>\t\t\t\t<\/div>\n\t\t\t\t<\/div>\n\t\t\t\t<div class=\"elementor-element elementor-element-4f9ee31 elementor-widget elementor-widget-text-editor\" data-id=\"4f9ee31\" data-element_type=\"widget\" data-widget_type=\"text-editor.default\">\n\t\t\t\t<div class=\"elementor-widget-container\">\n\t\t\t\t\t\t\t\t\t<ul><li>Edmundo Vitale (Coordinador)<\/li><li>Ver\u00f3nica Mor\u00e1n (Asistente)<\/li><\/ul>\t\t\t\t\t\t\t\t<\/div>\n\t\t\t\t<\/div>\n\t\t\t\t<\/div>\n\t\t<div class=\"elementor-element elementor-element-123f4f6 e-con-full e-flex e-con e-child\" data-id=\"123f4f6\" data-element_type=\"container\">\n\t\t\t\t<div class=\"elementor-element elementor-element-8dbbacf elementor-widget elementor-widget-heading\" data-id=\"8dbbacf\" data-element_type=\"widget\" data-widget_type=\"heading.default\">\n\t\t\t\t<div class=\"elementor-widget-container\">\n\t\t\t\t\t<h3 class=\"elementor-heading-title elementor-size-default\">Comit\u00e9 de programa<\/h3>\t\t\t\t<\/div>\n\t\t\t\t<\/div>\n\t\t\t\t<div class=\"elementor-element elementor-element-c4636e0 elementor-widget elementor-widget-text-editor\" data-id=\"c4636e0\" data-element_type=\"widget\" data-widget_type=\"text-editor.default\">\n\t\t\t\t<div class=\"elementor-widget-container\">\n\t\t\t\t\t\t\t\t\t<ul><li>Ermanno Pietrosemoli (Coordinador)<\/li><li>Edmundo Vitale<\/li><li>Jos\u00e9 Dom\u00ednguez<\/li><li>Steven Huter<\/li><\/ul>\t\t\t\t\t\t\t\t<\/div>\n\t\t\t\t<\/div>\n\t\t\t\t<\/div>\n\t\t<div class=\"elementor-element elementor-element-077c5ab e-con-full e-flex e-con e-child\" data-id=\"077c5ab\" data-element_type=\"container\">\n\t\t\t\t<div class=\"elementor-element elementor-element-afe84c7 elementor-widget elementor-widget-heading\" data-id=\"afe84c7\" data-element_type=\"widget\" data-widget_type=\"heading.default\">\n\t\t\t\t<div class=\"elementor-widget-container\">\n\t\t\t\t\t<h3 class=\"elementor-heading-title elementor-size-default\">Instituci\u00f3n organizadora<\/h3>\t\t\t\t<\/div>\n\t\t\t\t<\/div>\n\t\t\t\t<div class=\"elementor-element elementor-element-236cfab elementor-widget elementor-widget-image\" data-id=\"236cfab\" data-element_type=\"widget\" data-widget_type=\"image.default\">\n\t\t\t\t<div class=\"elementor-widget-container\">\n\t\t\t\t\t\t\t\t\t\t\t\t\t\t\t<img decoding=\"async\" width=\"293\" height=\"120\" src=\"https:\/\/eslared.net\/walc2025\/wp-content\/uploads\/2025\/06\/eslared_logo.png\" class=\"attachment-large size-large wp-image-38\" alt=\"\" \/>\t\t\t\t\t\t\t\t\t\t\t\t\t\t\t<\/div>\n\t\t\t\t<\/div>\n\t\t\t\t<\/div>\n\t\t\t\t\t<\/div>\n\t\t\t\t<\/div>\n\t\t<div class=\"elementor-element elementor-element-b7810be e-flex e-con-boxed e-con e-parent\" data-id=\"b7810be\" data-element_type=\"container\">\n\t\t\t\t\t<div class=\"e-con-inner\">\n\t\t\t\t<div class=\"elementor-element elementor-element-759fcd2 elementor-widget elementor-widget-spacer\" data-id=\"759fcd2\" data-element_type=\"widget\" data-widget_type=\"spacer.default\">\n\t\t\t\t<div class=\"elementor-widget-container\">\n\t\t\t\t\t\t\t<div class=\"elementor-spacer\">\n\t\t\t<div class=\"elementor-spacer-inner\"><\/div>\n\t\t<\/div>\n\t\t\t\t\t\t<\/div>\n\t\t\t\t<\/div>\n\t\t\t\t\t<\/div>\n\t\t\t\t<\/div>\n\t\t<div class=\"elementor-element elementor-element-934d518 e-flex e-con-boxed e-con e-parent\" data-id=\"934d518\" data-element_type=\"container\">\n\t\t\t\t\t<div class=\"e-con-inner\">\n\t\t\t\t<div class=\"elementor-element elementor-element-523f207 elementor-widget elementor-widget-text-editor\" data-id=\"523f207\" data-element_type=\"widget\" data-widget_type=\"text-editor.default\">\n\t\t\t\t<div class=\"elementor-widget-container\">\n\t\t\t\t\t\t\t\t\t<p style=\"text-align: justify;\">La <a href=\"https:\/\/eslared.net\" target=\"_blank\" rel=\"noopener\"><strong>Fundaci\u00f3n Escuela Latinoamericana de Redes<\/strong><\/a> (Fundaci\u00f3n EsLaRed), es una instituci\u00f3n sin fines de lucro dedicada a promover las tecnolog\u00edas de informaci\u00f3n en Am\u00e9rica Latina y el Caribe. Entre sus principales objetivos destacan: Desarrollar, promover y divulgar en el \u00e1mbito de Am\u00e9rica Latina y el Caribe, actividades de formaci\u00f3n de recursos humanos e investigaci\u00f3n en las \u00e1reas de telecomunicaciones, computaci\u00f3n, redes de computadores e inform\u00e1tica en general y sus aplicaciones. Concebir planes de investigaci\u00f3n y desarrollo sobre transferencia tecnol\u00f3gica, con el prop\u00f3sito de facilitar el progreso cient\u00edfico y t\u00e9cnico en Am\u00e9rica Latina y el Caribe. Para tales efectos, la Fundaci\u00f3n tiene las siguientes funciones: Realizar actividades que contribuyan con el desarrollo de las investigaciones o con la formaci\u00f3n de investigadores, tales como cursos, talleres, seminarios, simposios, jornadas y congresos nacionales e internacionales. Prestar servicios de atenci\u00f3n, asesor\u00eda, asistencia, orientaci\u00f3n e investigaci\u00f3n por encomienda de personas naturales o jur\u00eddicas, p\u00fablicas o privadas, en las \u00e1reas de telecomunicaciones, computaci\u00f3n, redes de computadores e inform\u00e1tica en general.<\/p>\t\t\t\t\t\t\t\t<\/div>\n\t\t\t\t<\/div>\n\t\t\t\t\t<\/div>\n\t\t\t\t<\/div>\n\t\t\t\t<\/div>\n\t\t","protected":false},"excerpt":{"rendered":"<p>Organizaci\u00f3n Organizaci\u00f3n General Edmundo Vitale (Coordinador) Ver\u00f3nica Mor\u00e1n (Asistente) Comit\u00e9 de programa Ermanno Pietrosemoli (Coordinador) Edmundo Vitale Jos\u00e9 Dom\u00ednguez Steven Huter Instituci\u00f3n organizadora La Fundaci\u00f3n Escuela Latinoamericana de Redes (Fundaci\u00f3n EsLaRed), es una instituci\u00f3n sin fines de lucro dedicada a &hellip; <a href=\"https:\/\/eslared.net\/walc2025\/organizacion\/\">Continuar<\/a><\/p>\n","protected":false},"author":1,"featured_media":0,"parent":0,"menu_order":0,"comment_status":"closed","ping_status":"closed","template":"","meta":{"footnotes":""},"class_list":["post-49","page","type-page","status-publish","hentry"],"_links":{"self":[{"href":"https:\/\/eslared.net\/walc2025\/wp-json\/wp\/v2\/pages\/49","targetHints":{"allow":["GET"]}}],"collection":[{"href":"https:\/\/eslared.net\/walc2025\/wp-json\/wp\/v2\/pages"}],"about":[{"href":"https:\/\/eslared.net\/walc2025\/wp-json\/wp\/v2\/types\/page"}],"author":[{"embeddable":true,"href":"https:\/\/eslared.net\/walc2025\/wp-json\/wp\/v2\/users\/1"}],"replies":[{"embeddable":true,"href":"https:\/\/eslared.net\/walc2025\/wp-json\/wp\/v2\/comments?post=49"}],"version-history":[{"count":13,"href":"https:\/\/eslared.net\/walc2025\/wp-json\/wp\/v2\/pages\/49\/revisions"}],"predecessor-version":[{"id":66,"href":"https:\/\/eslared.net\/walc2025\/wp-json\/wp\/v2\/pages\/49\/revisions\/66"}],"wp:attachment":[{"href":"https:\/\/eslared.net\/walc2025\/wp-json\/wp\/v2\/media?parent=49"}],"curies":[{"name":"wp","href":"https:\/\/api.w.org\/{rel}","templated":true}]}}