{"id":55,"date":"2024-05-16T00:34:45","date_gmt":"2024-05-16T04:34:45","guid":{"rendered":"https:\/\/eslared.net\/walc2024\/?page_id=55"},"modified":"2024-05-16T00:39:06","modified_gmt":"2024-05-16T04:39:06","slug":"matricula","status":"publish","type":"page","link":"https:\/\/eslared.net\/walc2024\/?page_id=55","title":{"rendered":"Matr\u00edcula"},"content":{"rendered":"\t\t<div data-elementor-type=\"wp-page\" data-elementor-id=\"55\" class=\"elementor elementor-55\">\n\t\t\t\t<div class=\"elementor-element elementor-element-01d76b4 e-flex e-con-boxed e-con e-parent\" data-id=\"01d76b4\" data-element_type=\"container\">\n\t\t\t\t\t<div class=\"e-con-inner\">\n\t\t\t\t<div class=\"elementor-element elementor-element-397d8fb elementor-widget elementor-widget-heading\" data-id=\"397d8fb\" data-element_type=\"widget\" data-widget_type=\"heading.default\">\n\t\t\t\t<div class=\"elementor-widget-container\">\n\t\t\t\t\t<h1 class=\"elementor-heading-title elementor-size-default\">Matr\u00edcula<\/h1>\t\t\t\t<\/div>\n\t\t\t\t<\/div>\n\t\t\t\t\t<\/div>\n\t\t\t\t<\/div>\n\t\t<div class=\"elementor-element elementor-element-2e4c9e0 e-flex e-con-boxed e-con e-parent\" data-id=\"2e4c9e0\" data-element_type=\"container\">\n\t\t\t\t\t<div class=\"e-con-inner\">\n\t\t\t\t<div class=\"elementor-element elementor-element-2157078 elementor-widget elementor-widget-heading\" data-id=\"2157078\" data-element_type=\"widget\" data-widget_type=\"heading.default\">\n\t\t\t\t<div class=\"elementor-widget-container\">\n\t\t\t\t\t<h4 class=\"elementor-heading-title elementor-size-default\">Inversi\u00f3n<\/h4>\t\t\t\t<\/div>\n\t\t\t\t<\/div>\n\t\t\t\t\t<\/div>\n\t\t\t\t<\/div>\n\t\t<div class=\"elementor-element elementor-element-452863e e-flex e-con-boxed e-con e-parent\" data-id=\"452863e\" data-element_type=\"container\">\n\t\t\t\t\t<div class=\"e-con-inner\">\n\t\t\t\t<div class=\"elementor-element elementor-element-95eca96 elementor-widget elementor-widget-text-editor\" data-id=\"95eca96\" data-element_type=\"widget\" data-widget_type=\"text-editor.default\">\n\t\t\t\t<div class=\"elementor-widget-container\">\n\t\t\t\t\t\t\t\t\t<p>Inscripci\u00f3n gratuita.<\/p>\t\t\t\t\t\t\t\t<\/div>\n\t\t\t\t<\/div>\n\t\t\t\t\t<\/div>\n\t\t\t\t<\/div>\n\t\t<div class=\"elementor-element elementor-element-6d99df8 e-flex e-con-boxed e-con e-parent\" data-id=\"6d99df8\" data-element_type=\"container\">\n\t\t\t\t\t<div class=\"e-con-inner\">\n\t\t\t\t<div class=\"elementor-element elementor-element-666a15f elementor-widget elementor-widget-heading\" data-id=\"666a15f\" data-element_type=\"widget\" data-widget_type=\"heading.default\">\n\t\t\t\t<div class=\"elementor-widget-container\">\n\t\t\t\t\t<h4 class=\"elementor-heading-title elementor-size-default\">Incluye<\/h4>\t\t\t\t<\/div>\n\t\t\t\t<\/div>\n\t\t\t\t\t<\/div>\n\t\t\t\t<\/div>\n\t\t<div class=\"elementor-element elementor-element-cb21026 e-flex e-con-boxed e-con e-parent\" data-id=\"cb21026\" data-element_type=\"container\">\n\t\t\t\t\t<div class=\"e-con-inner\">\n\t\t\t\t<div class=\"elementor-element elementor-element-d57dbe8 elementor-widget elementor-widget-text-editor\" data-id=\"d57dbe8\" data-element_type=\"widget\" data-widget_type=\"text-editor.default\">\n\t\t\t\t<div class=\"elementor-widget-container\">\n\t\t\t\t\t\t\t\t\t<p>Participaci\u00f3n en el taller seleccionado, material de apoyo digitalizado y certificado de participaci\u00f3n digitalizado.<\/p>\t\t\t\t\t\t\t\t<\/div>\n\t\t\t\t<\/div>\n\t\t\t\t\t<\/div>\n\t\t\t\t<\/div>\n\t\t<div class=\"elementor-element elementor-element-82d05fb e-flex e-con-boxed e-con e-parent\" data-id=\"82d05fb\" data-element_type=\"container\">\n\t\t\t\t\t<div class=\"e-con-inner\">\n\t\t\t\t<div class=\"elementor-element elementor-element-0722e26 elementor-widget elementor-widget-heading\" data-id=\"0722e26\" data-element_type=\"widget\" data-widget_type=\"heading.default\">\n\t\t\t\t<div class=\"elementor-widget-container\">\n\t\t\t\t\t<h4 class=\"elementor-heading-title elementor-size-default\">Notas<\/h4>\t\t\t\t<\/div>\n\t\t\t\t<\/div>\n\t\t\t\t\t<\/div>\n\t\t\t\t<\/div>\n\t\t<div class=\"elementor-element elementor-element-b7d5508 e-flex e-con-boxed e-con e-parent\" data-id=\"b7d5508\" data-element_type=\"container\">\n\t\t\t\t\t<div class=\"e-con-inner\">\n\t\t\t\t<div class=\"elementor-element elementor-element-f95ac40 elementor-widget elementor-widget-text-editor\" data-id=\"f95ac40\" data-element_type=\"widget\" data-widget_type=\"text-editor.default\">\n\t\t\t\t<div class=\"elementor-widget-container\">\n\t\t\t\t\t\t\t\t\t<ul><li>Los seis talleres te\u00f3rico-pr\u00e1cticos, se impartir\u00e1n simult\u00e1neamente del 11 al 15 de noviembre 2024.<\/li><li>Existe un n\u00famero limitado de cupos que depende del taller seleccionado (ver programa correspondiente).<\/li><\/ul>\t\t\t\t\t\t\t\t<\/div>\n\t\t\t\t<\/div>\n\t\t\t\t\t<\/div>\n\t\t\t\t<\/div>\n\t\t\t\t<\/div>\n\t\t","protected":false},"excerpt":{"rendered":"<p>Matr\u00edcula Inversi\u00f3n Inscripci\u00f3n gratuita. Incluye Participaci\u00f3n en el taller seleccionado, material de apoyo digitalizado y certificado de participaci\u00f3n digitalizado. Notas Los seis talleres te\u00f3rico-pr\u00e1cticos, se impartir\u00e1n simult\u00e1neamente del 11 al 15 de noviembre 2024. Existe un n\u00famero limitado de cupos &hellip; <a href=\"https:\/\/eslared.net\/walc2024\/?page_id=55\">Continuar<\/a><\/p>\n","protected":false},"author":1,"featured_media":0,"parent":0,"menu_order":0,"comment_status":"closed","ping_status":"closed","template":"","meta":{"footnotes":""},"class_list":["post-55","page","type-page","status-publish","hentry"],"_links":{"self":[{"href":"https:\/\/eslared.net\/walc2024\/index.php?rest_route=\/wp\/v2\/pages\/55","targetHints":{"allow":["GET"]}}],"collection":[{"href":"https:\/\/eslared.net\/walc2024\/index.php?rest_route=\/wp\/v2\/pages"}],"about":[{"href":"https:\/\/eslared.net\/walc2024\/index.php?rest_route=\/wp\/v2\/types\/page"}],"author":[{"embeddable":true,"href":"https:\/\/eslared.net\/walc2024\/index.php?rest_route=\/wp\/v2\/users\/1"}],"replies":[{"embeddable":true,"href":"https:\/\/eslared.net\/walc2024\/index.php?rest_route=%2Fwp%2Fv2%2Fcomments&post=55"}],"version-history":[{"count":8,"href":"https:\/\/eslared.net\/walc2024\/index.php?rest_route=\/wp\/v2\/pages\/55\/revisions"}],"predecessor-version":[{"id":1361,"href":"https:\/\/eslared.net\/walc2024\/index.php?rest_route=\/wp\/v2\/pages\/55\/revisions\/1361"}],"wp:attachment":[{"href":"https:\/\/eslared.net\/walc2024\/index.php?rest_route=%2Fwp%2Fv2%2Fmedia&parent=55"}],"curies":[{"name":"wp","href":"https:\/\/api.w.org\/{rel}","templated":true}]}}