{"id":183,"date":"2024-05-19T18:56:30","date_gmt":"2024-05-19T22:56:30","guid":{"rendered":"https:\/\/eslared.net\/walc2024\/?page_id=183"},"modified":"2024-10-07T00:43:13","modified_gmt":"2024-10-07T04:43:13","slug":"track-4-iot-machine-learning","status":"publish","type":"page","link":"https:\/\/eslared.net\/walc2024\/?page_id=183","title":{"rendered":"Track 4 &#8211; IoT Machine Learning"},"content":{"rendered":"\t\t<div data-elementor-type=\"wp-page\" data-elementor-id=\"183\" class=\"elementor elementor-183\">\n\t\t\t\t<div class=\"elementor-element elementor-element-ef3f560 e-flex e-con-boxed e-con e-parent\" data-id=\"ef3f560\" data-element_type=\"container\">\n\t\t\t\t\t<div class=\"e-con-inner\">\n\t\t\t\t<div class=\"elementor-element elementor-element-3021dcc elementor-widget elementor-widget-image\" data-id=\"3021dcc\" data-element_type=\"widget\" data-widget_type=\"image.default\">\n\t\t\t\t<div class=\"elementor-widget-container\">\n\t\t\t\t\t\t\t\t\t\t\t\t\t\t\t<img fetchpriority=\"high\" decoding=\"async\" width=\"1024\" height=\"224\" src=\"https:\/\/eslared.net\/walc2024\/wp-content\/uploads\/2024\/05\/track4_walc2023-1-1024x224.png\" class=\"attachment-large size-large wp-image-185\" alt=\"\" srcset=\"https:\/\/eslared.net\/walc2024\/wp-content\/uploads\/2024\/05\/track4_walc2023-1-1024x224.png 1024w, https:\/\/eslared.net\/walc2024\/wp-content\/uploads\/2024\/05\/track4_walc2023-1-300x66.png 300w, https:\/\/eslared.net\/walc2024\/wp-content\/uploads\/2024\/05\/track4_walc2023-1-768x168.png 768w, https:\/\/eslared.net\/walc2024\/wp-content\/uploads\/2024\/05\/track4_walc2023-1-1536x336.png 1536w, https:\/\/eslared.net\/walc2024\/wp-content\/uploads\/2024\/05\/track4_walc2023-1.png 1600w\" sizes=\"(max-width: 1024px) 100vw, 1024px\" \/>\t\t\t\t\t\t\t\t\t\t\t\t\t\t\t<\/div>\n\t\t\t\t<\/div>\n\t\t\t\t\t<\/div>\n\t\t\t\t<\/div>\n\t\t<div class=\"elementor-element elementor-element-7f57972 e-flex e-con-boxed e-con e-parent\" data-id=\"7f57972\" data-element_type=\"container\">\n\t\t\t\t\t<div class=\"e-con-inner\">\n\t\t\t\t<div class=\"elementor-element elementor-element-0944c78 elementor-widget elementor-widget-heading\" data-id=\"0944c78\" data-element_type=\"widget\" data-widget_type=\"heading.default\">\n\t\t\t\t<div class=\"elementor-widget-container\">\n\t\t\t\t\t<h4 class=\"elementor-heading-title elementor-size-default\">Programa Acad\u00e9mico Definitivo<\/h4>\t\t\t\t<\/div>\n\t\t\t\t<\/div>\n\t\t\t\t<div class=\"elementor-element elementor-element-373162c elementor-widget elementor-widget-heading\" data-id=\"373162c\" data-element_type=\"widget\" data-widget_type=\"heading.default\">\n\t\t\t\t<div class=\"elementor-widget-container\">\n\t\t\t\t\t<h4 class=\"elementor-heading-title elementor-size-default\">Dirigido a<\/h4>\t\t\t\t<\/div>\n\t\t\t\t<\/div>\n\t\t\t\t\t<\/div>\n\t\t\t\t<\/div>\n\t\t<div class=\"elementor-element elementor-element-3d6470a e-flex e-con-boxed e-con e-parent\" data-id=\"3d6470a\" data-element_type=\"container\">\n\t\t\t\t\t<div class=\"e-con-inner\">\n\t\t\t\t<div class=\"elementor-element elementor-element-7c44a5d elementor-widget elementor-widget-text-editor\" data-id=\"7c44a5d\" data-element_type=\"widget\" data-widget_type=\"text-editor.default\">\n\t\t\t\t<div class=\"elementor-widget-container\">\n\t\t\t\t\t\t\t\t\t<section class=\"elementor-section elementor-top-section elementor-element elementor-element-c7e8c97 elementor-section-boxed elementor-section-height-default elementor-section-height-default\" data-id=\"c7e8c97\" data-element_type=\"section\"><div class=\"elementor-container elementor-column-gap-default\"><div class=\"elementor-column elementor-col-100 elementor-top-column elementor-element elementor-element-f474686\" data-id=\"f474686\" data-element_type=\"column\"><div class=\"elementor-widget-wrap elementor-element-populated\"><div class=\"elementor-element elementor-element-44641ce elementor-widget elementor-widget-text-editor animated slideInRight\" data-id=\"44641ce\" data-element_type=\"widget\" data-settings=\"{&quot;_animation&quot;:&quot;slideInRight&quot;}\" data-widget_type=\"text-editor.default\"><div class=\"elementor-widget-container\"><ul><li>Profesionales de las TIC interesados en ampliar sus conocimientos en IoT.<\/li><li>Investigadores y cient\u00edficos que aspiren usar tecnolog\u00edas IoT en sus \u00e1reas de trabajo.<\/li><li>Desarrolladores de software que quieran aprender sobre IoT.<\/li><li>Profesionales que trabajan con plataformas de hardware limitadas con software embebido.<\/li><\/ul><\/div><\/div><\/div><\/div><\/div><\/section>\t\t\t\t\t\t\t\t<\/div>\n\t\t\t\t<\/div>\n\t\t\t\t\t<\/div>\n\t\t\t\t<\/div>\n\t\t<div class=\"elementor-element elementor-element-3e8f987 e-flex e-con-boxed e-con e-parent\" data-id=\"3e8f987\" data-element_type=\"container\">\n\t\t\t\t\t<div class=\"e-con-inner\">\n\t\t\t\t<div class=\"elementor-element elementor-element-97a8e9f elementor-widget elementor-widget-heading\" data-id=\"97a8e9f\" data-element_type=\"widget\" data-widget_type=\"heading.default\">\n\t\t\t\t<div class=\"elementor-widget-container\">\n\t\t\t\t\t<h4 class=\"elementor-heading-title elementor-size-default\">Objetivo General<\/h4>\t\t\t\t<\/div>\n\t\t\t\t<\/div>\n\t\t\t\t\t<\/div>\n\t\t\t\t<\/div>\n\t\t<div class=\"elementor-element elementor-element-ce80f53 e-flex e-con-boxed e-con e-parent\" data-id=\"ce80f53\" data-element_type=\"container\">\n\t\t\t\t\t<div class=\"e-con-inner\">\n\t\t\t\t<div class=\"elementor-element elementor-element-d561162 elementor-widget elementor-widget-text-editor\" data-id=\"d561162\" data-element_type=\"widget\" data-widget_type=\"text-editor.default\">\n\t\t\t\t<div class=\"elementor-widget-container\">\n\t\t\t\t\t\t\t\t\t<p style=\"text-align: justify;\">Los asistentes obtendr\u00e1n una visi\u00f3n general sobre los aspectos principales que componen un sistema de Internet de las Cosas (IoT) y sus aplicaciones.<\/p>\t\t\t\t\t\t\t\t<\/div>\n\t\t\t\t<\/div>\n\t\t\t\t\t<\/div>\n\t\t\t\t<\/div>\n\t\t<div class=\"elementor-element elementor-element-a1d7825 e-flex e-con-boxed e-con e-parent\" data-id=\"a1d7825\" data-element_type=\"container\">\n\t\t\t\t\t<div class=\"e-con-inner\">\n\t\t\t\t<div class=\"elementor-element elementor-element-b893c23 elementor-widget elementor-widget-heading\" data-id=\"b893c23\" data-element_type=\"widget\" data-widget_type=\"heading.default\">\n\t\t\t\t<div class=\"elementor-widget-container\">\n\t\t\t\t\t<h4 class=\"elementor-heading-title elementor-size-default\">Pre-requisitos<\/h4>\t\t\t\t<\/div>\n\t\t\t\t<\/div>\n\t\t\t\t\t<\/div>\n\t\t\t\t<\/div>\n\t\t<div class=\"elementor-element elementor-element-c97d295 e-flex e-con-boxed e-con e-parent\" data-id=\"c97d295\" data-element_type=\"container\">\n\t\t\t\t\t<div class=\"e-con-inner\">\n\t\t\t\t<div class=\"elementor-element elementor-element-3e9f0f8 elementor-widget elementor-widget-text-editor\" data-id=\"3e9f0f8\" data-element_type=\"widget\" data-widget_type=\"text-editor.default\">\n\t\t\t\t<div class=\"elementor-widget-container\">\n\t\t\t\t\t\t\t\t\t<section class=\"elementor-section elementor-top-section elementor-element elementor-element-5e77187 elementor-section-boxed elementor-section-height-default elementor-section-height-default\" data-id=\"5e77187\" data-element_type=\"section\"><div class=\"elementor-container elementor-column-gap-default\"><div class=\"elementor-column elementor-col-100 elementor-top-column elementor-element elementor-element-33a3cba\" data-id=\"33a3cba\" data-element_type=\"column\"><div class=\"elementor-widget-wrap elementor-element-populated\"><div class=\"elementor-element elementor-element-4b07716 elementor-widget elementor-widget-text-editor\" data-id=\"4b07716\" data-element_type=\"widget\" data-widget_type=\"text-editor.default\"><div class=\"elementor-widget-container\"><section class=\"elementor-section elementor-top-section elementor-element elementor-element-f58dfa3 elementor-section-boxed elementor-section-height-default elementor-section-height-default\" data-id=\"f58dfa3\" data-element_type=\"section\"><div class=\"elementor-container elementor-column-gap-default\"><div class=\"elementor-column elementor-col-100 elementor-top-column elementor-element elementor-element-7055e5e\" data-id=\"7055e5e\" data-element_type=\"column\"><div class=\"elementor-widget-wrap elementor-element-populated\"><div class=\"elementor-element elementor-element-3ea552d elementor-widget elementor-widget-text-editor animated fadeInUp\" data-id=\"3ea552d\" data-element_type=\"widget\" data-settings=\"{&quot;_animation&quot;:&quot;fadeInUp&quot;}\" data-widget_type=\"text-editor.default\"><div class=\"elementor-widget-container\"><ul><li>Conocimientos b\u00e1sicos de redes de computadoras y electr\u00f3nica.<\/li><li>Conocimientos b\u00e1sicos de sistemas GNU\/Linux o Unix.<\/li><li>Conocimientos b\u00e1sicos de programaci\u00f3n.<\/li><li>Zoom (actualizado a la \u00faltima versi\u00f3n), c\u00e1mara web y micr\u00f3fono para participar en las sesiones de conferencia de video. Es necesario actualizar su cliente de Zoom ANTES de que empiece el taller para poder participar en los laboratorios virtuales con el resto de los participantes.<\/li><li>WhatsApp como canal de comunicaci\u00f3n durante la semana del taller.<\/li><\/ul><\/div><\/div><\/div><\/div><\/div><\/section><\/div><\/div><\/div><\/div><\/div><\/section>\t\t\t\t\t\t\t\t<\/div>\n\t\t\t\t<\/div>\n\t\t\t\t\t<\/div>\n\t\t\t\t<\/div>\n\t\t<div class=\"elementor-element elementor-element-1dcf43e e-flex e-con-boxed e-con e-parent\" data-id=\"1dcf43e\" data-element_type=\"container\">\n\t\t\t\t\t<div class=\"e-con-inner\">\n\t\t\t\t<div class=\"elementor-element elementor-element-61aee2b elementor-widget elementor-widget-heading\" data-id=\"61aee2b\" data-element_type=\"widget\" data-widget_type=\"heading.default\">\n\t\t\t\t<div class=\"elementor-widget-container\">\n\t\t\t\t\t<h4 class=\"elementor-heading-title elementor-size-default\">Material de apoyo<\/h4>\t\t\t\t<\/div>\n\t\t\t\t<\/div>\n\t\t\t\t\t<\/div>\n\t\t\t\t<\/div>\n\t\t<div class=\"elementor-element elementor-element-4c6d1a4 e-flex e-con-boxed e-con e-parent\" data-id=\"4c6d1a4\" data-element_type=\"container\">\n\t\t\t\t\t<div class=\"e-con-inner\">\n\t\t\t\t<div class=\"elementor-element elementor-element-bd101b1 elementor-widget elementor-widget-text-editor\" data-id=\"bd101b1\" data-element_type=\"widget\" data-widget_type=\"text-editor.default\">\n\t\t\t\t<div class=\"elementor-widget-container\">\n\t\t\t\t\t\t\t\t\t<p style=\"text-align: justify;\">Descargue el libro \u00abInternet de las Cosas\u00bb disponible en: <a href=\"http:\/\/wireless.ictp.it\/Papers\/InternetdelasCosas.pdf\" target=\"_blank\" rel=\"noopener\">http:\/\/wireless.ictp.it\/Papers\/InternetdelasCosas.pdf<\/a> que contiene material did\u00e1ctico \u00fatil para este taller.<\/p>\t\t\t\t\t\t\t\t<\/div>\n\t\t\t\t<\/div>\n\t\t\t\t\t<\/div>\n\t\t\t\t<\/div>\n\t\t<div class=\"elementor-element elementor-element-fc50f71 e-flex e-con-boxed e-con e-parent\" data-id=\"fc50f71\" data-element_type=\"container\">\n\t\t\t\t\t<div class=\"e-con-inner\">\n\t\t\t\t<div class=\"elementor-element elementor-element-0bd8885 elementor-widget elementor-widget-heading\" data-id=\"0bd8885\" data-element_type=\"widget\" data-widget_type=\"heading.default\">\n\t\t\t\t<div class=\"elementor-widget-container\">\n\t\t\t\t\t<h4 class=\"elementor-heading-title elementor-size-default\">Programa por d\u00eda<\/h4>\t\t\t\t<\/div>\n\t\t\t\t<\/div>\n\t\t\t\t\t<\/div>\n\t\t\t\t<\/div>\n\t\t<div class=\"elementor-element elementor-element-82b4bae e-flex e-con-boxed e-con e-parent\" data-id=\"82b4bae\" data-element_type=\"container\">\n\t\t\t\t\t<div class=\"e-con-inner\">\n\t\t\t\t<div class=\"elementor-element elementor-element-c542ca9 elementor-widget elementor-widget-image\" data-id=\"c542ca9\" data-element_type=\"widget\" data-widget_type=\"image.default\">\n\t\t\t\t<div class=\"elementor-widget-container\">\n\t\t\t\t\t\t\t\t\t\t\t\t\t\t\t<img decoding=\"async\" width=\"1024\" height=\"553\" src=\"https:\/\/eslared.net\/walc2024\/wp-content\/uploads\/2024\/10\/imagen-1024x553.png\" class=\"attachment-large size-large wp-image-1180\" alt=\"\" srcset=\"https:\/\/eslared.net\/walc2024\/wp-content\/uploads\/2024\/10\/imagen-1024x553.png 1024w, https:\/\/eslared.net\/walc2024\/wp-content\/uploads\/2024\/10\/imagen-300x162.png 300w, https:\/\/eslared.net\/walc2024\/wp-content\/uploads\/2024\/10\/imagen-768x415.png 768w, https:\/\/eslared.net\/walc2024\/wp-content\/uploads\/2024\/10\/imagen.png 1096w\" sizes=\"(max-width: 1024px) 100vw, 1024px\" \/>\t\t\t\t\t\t\t\t\t\t\t\t\t\t\t<\/div>\n\t\t\t\t<\/div>\n\t\t\t\t\t<\/div>\n\t\t\t\t<\/div>\n\t\t<div class=\"elementor-element elementor-element-6b649ec e-flex e-con-boxed e-con e-parent\" data-id=\"6b649ec\" data-element_type=\"container\">\n\t\t\t\t\t<div class=\"e-con-inner\">\n\t\t\t\t<div class=\"elementor-element elementor-element-16bdc65 elementor-widget elementor-widget-text-editor\" data-id=\"16bdc65\" data-element_type=\"widget\" data-widget_type=\"text-editor.default\">\n\t\t\t\t<div class=\"elementor-widget-container\">\n\t\t\t\t\t\t\t\t\t<p style=\"text-align: justify;\">Adem\u00e1s, cada participante tendr\u00e1 la oportunidad de configurar de forma remota un dispositivo IoT mediante la conexi\u00f3n a Internet.<\/p><p style=\"text-align: justify;\">Vamos a cubrir aspectos generales del IoT, como tecnolog\u00edas, protocolos, potencia, etc, pero tambi\u00e9n habr\u00e1 un d\u00eda completo dedicado a TinyML donde se har\u00e1 la demostraci\u00f3n respectiva, pero utilizando un Arduino equipado con c\u00e1mara, micr\u00f3fono. y aceler\u00f3metro.<\/p>\t\t\t\t\t\t\t\t<\/div>\n\t\t\t\t<\/div>\n\t\t\t\t\t<\/div>\n\t\t\t\t<\/div>\n\t\t<div class=\"elementor-element elementor-element-4d0a2ba e-flex e-con-boxed e-con e-parent\" data-id=\"4d0a2ba\" data-element_type=\"container\">\n\t\t\t\t\t<div class=\"e-con-inner\">\n\t\t<div class=\"elementor-element elementor-element-93ff4f9 e-con-full e-flex e-con e-child\" data-id=\"93ff4f9\" data-element_type=\"container\">\n\t\t\t\t<div class=\"elementor-element elementor-element-3d8062f elementor-widget elementor-widget-heading\" data-id=\"3d8062f\" data-element_type=\"widget\" data-widget_type=\"heading.default\">\n\t\t\t\t<div class=\"elementor-widget-container\">\n\t\t\t\t\t<h4 class=\"elementor-heading-title elementor-size-default\">Coordinador<\/h4>\t\t\t\t<\/div>\n\t\t\t\t<\/div>\n\t\t\t\t<div class=\"elementor-element elementor-element-0e30f0b elementor-widget elementor-widget-text-editor\" data-id=\"0e30f0b\" data-element_type=\"widget\" data-widget_type=\"text-editor.default\">\n\t\t\t\t<div class=\"elementor-widget-container\">\n\t\t\t\t\t\t\t\t\t<p>Ronald Criollo<\/p>\t\t\t\t\t\t\t\t<\/div>\n\t\t\t\t<\/div>\n\t\t\t\t<\/div>\n\t\t<div class=\"elementor-element elementor-element-5d10a44 e-con-full e-flex e-con e-child\" data-id=\"5d10a44\" data-element_type=\"container\">\n\t\t\t\t<div class=\"elementor-element elementor-element-a1740e1 elementor-widget elementor-widget-heading\" data-id=\"a1740e1\" data-element_type=\"widget\" data-widget_type=\"heading.default\">\n\t\t\t\t<div class=\"elementor-widget-container\">\n\t\t\t\t\t<h4 class=\"elementor-heading-title elementor-size-default\">Instructores<\/h4>\t\t\t\t<\/div>\n\t\t\t\t<\/div>\n\t\t\t\t<div class=\"elementor-element elementor-element-7a8104c elementor-widget elementor-widget-text-editor\" data-id=\"7a8104c\" data-element_type=\"widget\" data-widget_type=\"text-editor.default\">\n\t\t\t\t<div class=\"elementor-widget-container\">\n\t\t\t\t\t\t\t\t\t<ul><li>Ronald Criollo \u2013 Escuela Superior Polit\u00e9cnica del Litoral, ESPOL., Guayaquil, Ecuador.<\/li><li>Ermanno Pietrosemoli \u2013 ICTP\/Fundaci\u00f3n EsLaRed; Italia\/Venezuela respectivamente.<\/li><li>Marcelo Rovai- Universidade Federal de Itajub\u00e1, IESTI \u2013 Instituto de Engenharia de Sistemas e Tecnologia da Informa\u00e7\u00e3o, Brasil.<\/li><li>Diego M\u00e9ndez Ch\u00e1vez \u2013 Universidad Javeriana, Bogot\u00e1, Colombia.<\/li><li>Jes\u00fas L\u00f3pez \u2013 Universidad Aut\u00f3noma de Occidente, Cali, Colombia.<\/li><li>Stalin Arciniegas &#8211; Pontificia Universidad Cat\u00f3lica del Ecuador, PUCE &#8211; Ibarra, Ecuador.<\/li><\/ul>\t\t\t\t\t\t\t\t<\/div>\n\t\t\t\t<\/div>\n\t\t\t\t<\/div>\n\t\t<div class=\"elementor-element elementor-element-b7be1fd e-con-full e-flex e-con e-child\" data-id=\"b7be1fd\" data-element_type=\"container\">\n\t\t\t\t<div class=\"elementor-element elementor-element-1879f52 elementor-widget elementor-widget-heading\" data-id=\"1879f52\" data-element_type=\"widget\" data-widget_type=\"heading.default\">\n\t\t\t\t<div class=\"elementor-widget-container\">\n\t\t\t\t\t<h4 class=\"elementor-heading-title elementor-size-default\">Cupo y duraci\u00f3n<\/h4>\t\t\t\t<\/div>\n\t\t\t\t<\/div>\n\t\t\t\t<div class=\"elementor-element elementor-element-789f3e7 elementor-widget elementor-widget-text-editor\" data-id=\"789f3e7\" data-element_type=\"widget\" data-widget_type=\"text-editor.default\">\n\t\t\t\t<div class=\"elementor-widget-container\">\n\t\t\t\t\t\t\t\t\t<section class=\"elementor-section elementor-top-section elementor-element elementor-element-0805ae4 elementor-section-boxed elementor-section-height-default elementor-section-height-default\" data-id=\"0805ae4\" data-element_type=\"section\"><div class=\"elementor-container elementor-column-gap-default\"><div class=\"elementor-column elementor-col-100 elementor-top-column elementor-element elementor-element-cc032a4\" data-id=\"cc032a4\" data-element_type=\"column\"><div class=\"elementor-widget-wrap elementor-element-populated\"><div class=\"elementor-element elementor-element-3f17494 elementor-widget elementor-widget-text-editor\" data-id=\"3f17494\" data-element_type=\"widget\" data-widget_type=\"text-editor.default\"><div class=\"elementor-widget-container\"><section class=\"elementor-section elementor-top-section elementor-element elementor-element-f4f151b elementor-section-boxed elementor-section-height-default elementor-section-height-default\" data-id=\"f4f151b\" data-element_type=\"section\"><div class=\"elementor-container elementor-column-gap-default\"><div class=\"elementor-column elementor-col-100 elementor-top-column elementor-element elementor-element-78cf7e9\" data-id=\"78cf7e9\" data-element_type=\"column\"><div class=\"elementor-widget-wrap elementor-element-populated\"><div class=\"elementor-element elementor-element-047329a elementor-widget elementor-widget-text-editor animated fadeInUp\" data-id=\"047329a\" data-element_type=\"widget\" data-settings=\"{&quot;_animation&quot;:&quot;fadeInUp&quot;}\" data-widget_type=\"text-editor.default\"><div class=\"elementor-widget-container\"><ul><li>30 participantes.<\/li><li>Horario:<\/li><\/ul><p style=\"padding-left: 40px;\"><strong>Lunes 11, mi\u00e9rcoles 13 y viernes 15 de noviembre de 2024 sesiones de clases online en vivo.<\/strong><\/p><p style=\"padding-left: 40px;\"><strong>Martes 12 y jueves 14 de noviembre de 2024 sesiones de laboratorio aut\u00f3nomas.<\/strong><\/p><p style=\"padding-left: 40px;\">UTC-3: 11:00 \u2013 15:00 (Argentina, Brasil, Chile, Paraguay, Uruguay).<\/p><p style=\"padding-left: 40px;\">UTC-4: 10:00 \u2013 14:00 (Bolivia, Rep\u00fablica Dominicana, Venezuela).<\/p><p style=\"padding-left: 40px;\">UTC-5: 09:00 \u2013 13:00 (Colombia, Cuba, Ecuador, Panam\u00e1, Per\u00fa).<\/p><p style=\"padding-left: 40px;\">UTC-6: 08:00 \u2013 12:00 (Costa Rica, El Salvador, Guatemala, Honduras, M\u00e9xico, Nicaragua).<\/p><\/div><\/div><\/div><\/div><\/div><\/section><\/div><\/div><\/div><\/div><\/div><\/section>\t\t\t\t\t\t\t\t<\/div>\n\t\t\t\t<\/div>\n\t\t\t\t<\/div>\n\t\t\t\t\t<\/div>\n\t\t\t\t<\/div>\n\t\t\t\t<\/div>\n\t\t","protected":false},"excerpt":{"rendered":"<p>Programa Acad\u00e9mico Definitivo Dirigido a Profesionales de las TIC interesados en ampliar sus conocimientos en IoT. Investigadores y cient\u00edficos que aspiren usar tecnolog\u00edas IoT en sus \u00e1reas de trabajo. Desarrolladores de software que quieran aprender sobre IoT. Profesionales que trabajan &hellip; <a href=\"https:\/\/eslared.net\/walc2024\/?page_id=183\">Continuar<\/a><\/p>\n","protected":false},"author":1,"featured_media":0,"parent":0,"menu_order":0,"comment_status":"closed","ping_status":"closed","template":"","meta":{"footnotes":""},"class_list":["post-183","page","type-page","status-publish","hentry"],"_links":{"self":[{"href":"https:\/\/eslared.net\/walc2024\/index.php?rest_route=\/wp\/v2\/pages\/183","targetHints":{"allow":["GET"]}}],"collection":[{"href":"https:\/\/eslared.net\/walc2024\/index.php?rest_route=\/wp\/v2\/pages"}],"about":[{"href":"https:\/\/eslared.net\/walc2024\/index.php?rest_route=\/wp\/v2\/types\/page"}],"author":[{"embeddable":true,"href":"https:\/\/eslared.net\/walc2024\/index.php?rest_route=\/wp\/v2\/users\/1"}],"replies":[{"embeddable":true,"href":"https:\/\/eslared.net\/walc2024\/index.php?rest_route=%2Fwp%2Fv2%2Fcomments&post=183"}],"version-history":[{"count":34,"href":"https:\/\/eslared.net\/walc2024\/index.php?rest_route=\/wp\/v2\/pages\/183\/revisions"}],"predecessor-version":[{"id":1189,"href":"https:\/\/eslared.net\/walc2024\/index.php?rest_route=\/wp\/v2\/pages\/183\/revisions\/1189"}],"wp:attachment":[{"href":"https:\/\/eslared.net\/walc2024\/index.php?rest_route=%2Fwp%2Fv2%2Fmedia&parent=183"}],"curies":[{"name":"wp","href":"https:\/\/api.w.org\/{rel}","templated":true}]}}