{"id":134,"date":"2024-05-16T16:51:17","date_gmt":"2024-05-16T20:51:17","guid":{"rendered":"https:\/\/eslared.net\/walc2024\/?page_id=134"},"modified":"2024-10-06T23:52:49","modified_gmt":"2024-10-07T03:52:49","slug":"track-2-gestion-y-monitoreo-de-redes","status":"publish","type":"page","link":"https:\/\/eslared.net\/walc2024\/?page_id=134","title":{"rendered":"Track 2 &#8211; Gesti\u00f3n y Monitoreo de Redes"},"content":{"rendered":"\t\t<div data-elementor-type=\"wp-page\" data-elementor-id=\"134\" class=\"elementor elementor-134\">\n\t\t\t\t<div class=\"elementor-element elementor-element-ef3f560 e-flex e-con-boxed e-con e-parent\" data-id=\"ef3f560\" data-element_type=\"container\">\n\t\t\t\t\t<div class=\"e-con-inner\">\n\t\t\t\t<div class=\"elementor-element elementor-element-3021dcc elementor-widget elementor-widget-image\" data-id=\"3021dcc\" data-element_type=\"widget\" data-widget_type=\"image.default\">\n\t\t\t\t<div class=\"elementor-widget-container\">\n\t\t\t\t\t\t\t\t\t\t\t\t\t\t\t<img fetchpriority=\"high\" decoding=\"async\" width=\"1024\" height=\"224\" src=\"https:\/\/eslared.net\/walc2024\/wp-content\/uploads\/2024\/05\/track2-1024x224.png\" class=\"attachment-large size-large wp-image-78\" alt=\"\" srcset=\"https:\/\/eslared.net\/walc2024\/wp-content\/uploads\/2024\/05\/track2-1024x224.png 1024w, https:\/\/eslared.net\/walc2024\/wp-content\/uploads\/2024\/05\/track2-300x66.png 300w, https:\/\/eslared.net\/walc2024\/wp-content\/uploads\/2024\/05\/track2-768x168.png 768w, https:\/\/eslared.net\/walc2024\/wp-content\/uploads\/2024\/05\/track2-1536x336.png 1536w, https:\/\/eslared.net\/walc2024\/wp-content\/uploads\/2024\/05\/track2.png 1600w\" sizes=\"(max-width: 1024px) 100vw, 1024px\" \/>\t\t\t\t\t\t\t\t\t\t\t\t\t\t\t<\/div>\n\t\t\t\t<\/div>\n\t\t\t\t\t<\/div>\n\t\t\t\t<\/div>\n\t\t<div class=\"elementor-element elementor-element-db581c3 e-flex e-con-boxed e-con e-parent\" data-id=\"db581c3\" data-element_type=\"container\">\n\t\t\t\t\t<div class=\"e-con-inner\">\n\t\t\t\t<div class=\"elementor-element elementor-element-2e89a14 elementor-widget elementor-widget-heading\" data-id=\"2e89a14\" data-element_type=\"widget\" data-widget_type=\"heading.default\">\n\t\t\t\t<div class=\"elementor-widget-container\">\n\t\t\t\t\t<h4 class=\"elementor-heading-title elementor-size-default\">Programa Acad\u00e9mico Definitivo<\/h4>\t\t\t\t<\/div>\n\t\t\t\t<\/div>\n\t\t\t\t\t<\/div>\n\t\t\t\t<\/div>\n\t\t<div class=\"elementor-element elementor-element-89645df e-flex e-con-boxed e-con e-parent\" data-id=\"89645df\" data-element_type=\"container\">\n\t\t\t\t\t<div class=\"e-con-inner\">\n\t\t\t\t<div class=\"elementor-element elementor-element-c4d5030 elementor-widget elementor-widget-heading\" data-id=\"c4d5030\" data-element_type=\"widget\" data-widget_type=\"heading.default\">\n\t\t\t\t<div class=\"elementor-widget-container\">\n\t\t\t\t\t<h4 class=\"elementor-heading-title elementor-size-default\">Dirigido a<\/h4>\t\t\t\t<\/div>\n\t\t\t\t<\/div>\n\t\t\t\t\t<\/div>\n\t\t\t\t<\/div>\n\t\t<div class=\"elementor-element elementor-element-3d6470a e-flex e-con-boxed e-con e-parent\" data-id=\"3d6470a\" data-element_type=\"container\">\n\t\t\t\t\t<div class=\"e-con-inner\">\n\t\t\t\t<div class=\"elementor-element elementor-element-7c44a5d elementor-widget elementor-widget-text-editor\" data-id=\"7c44a5d\" data-element_type=\"widget\" data-widget_type=\"text-editor.default\">\n\t\t\t\t<div class=\"elementor-widget-container\">\n\t\t\t\t\t\t\t\t\t<p style=\"text-align: justify;\">Administradores, ingenieros y t\u00e9cnicos de sistemas de redes de Redes de Investigaci\u00f3n y Educaci\u00f3n, Universidades e ISPs que sean responsables del mantenimiento, planificaci\u00f3n y dise\u00f1o de redes.<\/p>\t\t\t\t\t\t\t\t<\/div>\n\t\t\t\t<\/div>\n\t\t\t\t\t<\/div>\n\t\t\t\t<\/div>\n\t\t<div class=\"elementor-element elementor-element-3e8f987 e-flex e-con-boxed e-con e-parent\" data-id=\"3e8f987\" data-element_type=\"container\">\n\t\t\t\t\t<div class=\"e-con-inner\">\n\t\t\t\t<div class=\"elementor-element elementor-element-97a8e9f elementor-widget elementor-widget-heading\" data-id=\"97a8e9f\" data-element_type=\"widget\" data-widget_type=\"heading.default\">\n\t\t\t\t<div class=\"elementor-widget-container\">\n\t\t\t\t\t<h4 class=\"elementor-heading-title elementor-size-default\">Descripci\u00f3n<\/h4>\t\t\t\t<\/div>\n\t\t\t\t<\/div>\n\t\t\t\t\t<\/div>\n\t\t\t\t<\/div>\n\t\t<div class=\"elementor-element elementor-element-cdbf129 e-flex e-con-boxed e-con e-parent\" data-id=\"cdbf129\" data-element_type=\"container\">\n\t\t\t\t\t<div class=\"e-con-inner\">\n\t\t\t\t<div class=\"elementor-element elementor-element-7f770e6 elementor-widget elementor-widget-text-editor\" data-id=\"7f770e6\" data-element_type=\"widget\" data-widget_type=\"text-editor.default\">\n\t\t\t\t<div class=\"elementor-widget-container\">\n\t\t\t\t\t\t\t\t\t<p style=\"text-align: justify;\">Este taller est\u00e1 dise\u00f1ado para ingenieros y personal de sistemas de ISPs y grandes redes, incluyendo redes acad\u00e9micas que est\u00e9n involucrados con la gesti\u00f3n de sistemas, monitoreo de redes y administraci\u00f3n y resoluci\u00f3n de problemas de redes. El curso est\u00e1 dirigido a quienes necesitan administrar diversas operaciones de red y Centros de Operaciones de Red (\u00abNOCs\u00bb). La agenda de temas se presenta a continuaci\u00f3n y los laboratorios constituyen alrededor del 60% al 70% del curso.<\/p>\t\t\t\t\t\t\t\t<\/div>\n\t\t\t\t<\/div>\n\t\t\t\t\t<\/div>\n\t\t\t\t<\/div>\n\t\t<div class=\"elementor-element elementor-element-b0d17a0 e-flex e-con-boxed e-con e-parent\" data-id=\"b0d17a0\" data-element_type=\"container\">\n\t\t\t\t\t<div class=\"e-con-inner\">\n\t\t\t\t<div class=\"elementor-element elementor-element-47e16ce elementor-widget elementor-widget-heading\" data-id=\"47e16ce\" data-element_type=\"widget\" data-widget_type=\"heading.default\">\n\t\t\t\t<div class=\"elementor-widget-container\">\n\t\t\t\t\t<h4 class=\"elementor-heading-title elementor-size-default\">Objetivos<\/h4>\t\t\t\t<\/div>\n\t\t\t\t<\/div>\n\t\t\t\t\t<\/div>\n\t\t\t\t<\/div>\n\t\t<div class=\"elementor-element elementor-element-ce80f53 e-flex e-con-boxed e-con e-parent\" data-id=\"ce80f53\" data-element_type=\"container\">\n\t\t\t\t\t<div class=\"e-con-inner\">\n\t\t\t\t<div class=\"elementor-element elementor-element-d561162 elementor-widget elementor-widget-text-editor\" data-id=\"d561162\" data-element_type=\"widget\" data-widget_type=\"text-editor.default\">\n\t\t\t\t<div class=\"elementor-widget-container\">\n\t\t\t\t\t\t\t\t\t<p>\u2022 Introducir los conceptos fundamentales de varios protocolos para instrumentos de medici\u00f3n y redes, como SNMP.<br \/>\u2022 Entender c\u00f3mo administrar y monitorear redes para entender su salud y caracter\u00edsticas.<br \/>\u2022 Explorar y configurar diferentes soluciones de Software Libre para administraci\u00f3n y gesti\u00f3n de redes.<br \/>\u2022 Introducir conceptos de monitoreo de redes y administraci\u00f3n de ancho de banda.<br \/>\u2022 Introducir los conceptos de software de monitoreo y administraci\u00f3n de redes modernas utilizando monitoreo de redes con transmisi\u00f3n de datos de telemetr\u00eda.<\/p>\t\t\t\t\t\t\t\t<\/div>\n\t\t\t\t<\/div>\n\t\t\t\t\t<\/div>\n\t\t\t\t<\/div>\n\t\t<div class=\"elementor-element elementor-element-a1d7825 e-flex e-con-boxed e-con e-parent\" data-id=\"a1d7825\" data-element_type=\"container\">\n\t\t\t\t\t<div class=\"e-con-inner\">\n\t\t\t\t<div class=\"elementor-element elementor-element-b893c23 elementor-widget elementor-widget-heading\" data-id=\"b893c23\" data-element_type=\"widget\" data-widget_type=\"heading.default\">\n\t\t\t\t<div class=\"elementor-widget-container\">\n\t\t\t\t\t<h4 class=\"elementor-heading-title elementor-size-default\">Pre-requisitos<\/h4>\t\t\t\t<\/div>\n\t\t\t\t<\/div>\n\t\t\t\t\t<\/div>\n\t\t\t\t<\/div>\n\t\t<div class=\"elementor-element elementor-element-c97d295 e-flex e-con-boxed e-con e-parent\" data-id=\"c97d295\" data-element_type=\"container\">\n\t\t\t\t\t<div class=\"e-con-inner\">\n\t\t\t\t<div class=\"elementor-element elementor-element-3e9f0f8 elementor-widget elementor-widget-text-editor\" data-id=\"3e9f0f8\" data-element_type=\"widget\" data-widget_type=\"text-editor.default\">\n\t\t\t\t<div class=\"elementor-widget-container\">\n\t\t\t\t\t\t\t\t\t<ul><li>Conocimientos medios del sistema operativo UNIX y\/o Linux y uso de la l\u00ednea de comandos de UNIX y\/o Linux.<\/li><li>Se espera que los participantes sean capaces de utilizar Linux de forma b\u00e1sica.<\/li><li>Antes del curso tendremos disponibles algunas m\u00e1quinas virtuales Linux, lecciones y laboratorios para quienes necesiten practicar.<\/li><li>Conocimientos b\u00e1sicos de TCP\/IP, incluyendo los conceptos de: Puertos; icmp; upd, IP versi\u00f3n 4 y 6.<\/li><li>Zoom (actualizado a la \u00faltima versi\u00f3n), webcam y micr\u00f3fono para participar en las sesiones de videoconferencia. Es necesario actualizar el cliente de Zoom ANTES del inicio del taller para poder participar en los laboratorios virtuales con el resto de participantes.<\/li><li>WhatsApp como canal de comunicaci\u00f3n para los laboratorios durante la semana del taller.<\/li><\/ul>\t\t\t\t\t\t\t\t<\/div>\n\t\t\t\t<\/div>\n\t\t\t\t\t<\/div>\n\t\t\t\t<\/div>\n\t\t<div class=\"elementor-element elementor-element-c352059 e-flex e-con-boxed e-con e-parent\" data-id=\"c352059\" data-element_type=\"container\">\n\t\t\t\t\t<div class=\"e-con-inner\">\n\t\t\t\t<div class=\"elementor-element elementor-element-8a64c46 elementor-widget elementor-widget-spacer\" data-id=\"8a64c46\" data-element_type=\"widget\" data-widget_type=\"spacer.default\">\n\t\t\t\t<div class=\"elementor-widget-container\">\n\t\t\t\t\t\t\t<div class=\"elementor-spacer\">\n\t\t\t<div class=\"elementor-spacer-inner\"><\/div>\n\t\t<\/div>\n\t\t\t\t\t\t<\/div>\n\t\t\t\t<\/div>\n\t\t\t\t\t<\/div>\n\t\t\t\t<\/div>\n\t\t<div class=\"elementor-element elementor-element-fc50f71 e-flex e-con-boxed e-con e-parent\" data-id=\"fc50f71\" data-element_type=\"container\">\n\t\t\t\t\t<div class=\"e-con-inner\">\n\t\t\t\t<div class=\"elementor-element elementor-element-0bd8885 elementor-widget elementor-widget-heading\" data-id=\"0bd8885\" data-element_type=\"widget\" data-widget_type=\"heading.default\">\n\t\t\t\t<div class=\"elementor-widget-container\">\n\t\t\t\t\t<h4 class=\"elementor-heading-title elementor-size-default\">Sesiones del Taller<\/h4>\t\t\t\t<\/div>\n\t\t\t\t<\/div>\n\t\t\t\t\t<\/div>\n\t\t\t\t<\/div>\n\t\t<div class=\"elementor-element elementor-element-e2cad41 e-flex e-con-boxed e-con e-parent\" data-id=\"e2cad41\" data-element_type=\"container\">\n\t\t\t\t\t<div class=\"e-con-inner\">\n\t\t\t\t<div class=\"elementor-element elementor-element-65b83f5 elementor-widget elementor-widget-accordion\" data-id=\"65b83f5\" data-element_type=\"widget\" data-widget_type=\"accordion.default\">\n\t\t\t\t<div class=\"elementor-widget-container\">\n\t\t\t\t\t\t\t<div class=\"elementor-accordion\">\n\t\t\t\t\t\t\t<div class=\"elementor-accordion-item\">\n\t\t\t\t\t<div id=\"elementor-tab-title-1061\" class=\"elementor-tab-title\" data-tab=\"1\" role=\"button\" aria-controls=\"elementor-tab-content-1061\" aria-expanded=\"false\">\n\t\t\t\t\t\t\t\t\t\t\t\t\t<span class=\"elementor-accordion-icon elementor-accordion-icon-left\" aria-hidden=\"true\">\n\t\t\t\t\t\t\t\t\t\t\t\t\t\t\t<span class=\"elementor-accordion-icon-closed\"><svg class=\"e-font-icon-svg e-fas-plus\" viewBox=\"0 0 448 512\" xmlns=\"http:\/\/www.w3.org\/2000\/svg\"><path d=\"M416 208H272V64c0-17.67-14.33-32-32-32h-32c-17.67 0-32 14.33-32 32v144H32c-17.67 0-32 14.33-32 32v32c0 17.67 14.33 32 32 32h144v144c0 17.67 14.33 32 32 32h32c17.67 0 32-14.33 32-32V304h144c17.67 0 32-14.33 32-32v-32c0-17.67-14.33-32-32-32z\"><\/path><\/svg><\/span>\n\t\t\t\t\t\t\t\t<span class=\"elementor-accordion-icon-opened\"><svg class=\"e-font-icon-svg e-fas-minus\" viewBox=\"0 0 448 512\" xmlns=\"http:\/\/www.w3.org\/2000\/svg\"><path d=\"M416 208H32c-17.67 0-32 14.33-32 32v32c0 17.67 14.33 32 32 32h384c17.67 0 32-14.33 32-32v-32c0-17.67-14.33-32-32-32z\"><\/path><\/svg><\/span>\n\t\t\t\t\t\t\t\t\t\t\t\t\t\t<\/span>\n\t\t\t\t\t\t\t\t\t\t\t\t<a class=\"elementor-accordion-title\" tabindex=\"0\">Sesiones<\/a>\n\t\t\t\t\t<\/div>\n\t\t\t\t\t<div id=\"elementor-tab-content-1061\" class=\"elementor-tab-content elementor-clearfix\" data-tab=\"1\" role=\"region\" aria-labelledby=\"elementor-tab-title-1061\"><table width=\"630\" data-sheets-root=\"1\" data-sheets-baot=\"1\"><tbody><tr><td width=\"105\"><span style=\"color: #80a0d6;\"><strong>Day<\/strong><\/span><\/td><td width=\"320\"><span style=\"color: #80a0d6;\"><strong>Topic<\/strong><\/span><\/td><td width=\"87\"><span style=\"color: #80a0d6;\"><strong>Instructor<\/strong><\/span><\/td><td width=\"118\"><span style=\"color: #80a0d6;\"><strong>Files.Links<\/strong><\/span><\/td><\/tr><tr><td width=\"105\"><span style=\"color: #80a0d6;\"><strong>TUESDAY<\/strong><\/span><\/td><td width=\"320\">\u00a0<\/td><td width=\"87\">\u00a0<\/td><td width=\"118\">\u00a0<\/td><\/tr><tr><td width=\"105\">Session 1.1<\/td><td width=\"320\">Introduction of Instructors and Participants<\/td><td width=\"87\">All<\/td><td width=\"118\">\u00a0<\/td><\/tr><tr><td width=\"105\">Session 1.2<\/td><td width=\"320\">Welcome to Network Management<\/td><td width=\"87\">\u00a0<\/td><td width=\"118\">PDF: Video<\/td><\/tr><tr><td width=\"105\">\u00a0<\/td><td width=\"320\">Demonstration<\/td><td width=\"87\">\u00a0<\/td><td width=\"118\">\u00a0<\/td><\/tr><tr><td width=\"105\">Session 1.3<\/td><td width=\"320\">Cisco Configuration Items<\/td><td width=\"87\">\u00a0<\/td><td width=\"118\">PDF: Video<\/td><\/tr><tr><td width=\"105\">Session 1.4<\/td><td width=\"320\">Confiability with SmokePing<\/td><td width=\"87\">\u00a0<\/td><td width=\"118\">PDF<\/td><\/tr><tr><td width=\"105\">Session 1.5<\/td><td width=\"320\">Questions and answers<\/td><td width=\"87\">All<\/td><td width=\"118\">\u00a0<\/td><\/tr><tr><td width=\"105\">\u00a0<\/td><td width=\"320\">\u00a0<\/td><td width=\"87\">\u00a0<\/td><td width=\"118\">\u00a0<\/td><\/tr><tr><td width=\"105\"><span style=\"color: #80a0d6;\"><strong>WEDNSDAY<\/strong><\/span><\/td><td width=\"320\">\u00a0<\/td><td width=\"87\">\u00a0<\/td><td width=\"118\">\u00a0<\/td><\/tr><tr><td width=\"105\">Session 2.1<\/td><td width=\"320\">Disponibility with Nagios<\/td><td width=\"87\">\u00a0<\/td><td width=\"118\">PDF: Video<\/td><\/tr><tr><td width=\"105\">\u00a0<\/td><td width=\"320\">Demonstration<\/td><td width=\"87\">\u00a0<\/td><td width=\"118\">\u00a0<\/td><\/tr><tr><td width=\"105\">Session 2.2<\/td><td width=\"320\">SNMP and Performance with LibreNMS<\/td><td width=\"87\">\u00a0<\/td><td width=\"118\">PDF<\/td><\/tr><tr><td width=\"105\">\u00a0<\/td><td width=\"320\">Demonstration<\/td><td width=\"87\">\u00a0<\/td><td width=\"118\">\u00a0<\/td><\/tr><tr><td width=\"105\">Session 2.3<\/td><td width=\"320\">Questions and answers<\/td><td width=\"87\">All<\/td><td width=\"118\">\u00a0<\/td><\/tr><tr><td width=\"105\">\u00a0<\/td><td width=\"320\">\u00a0<\/td><td width=\"87\">\u00a0<\/td><td width=\"118\">\u00a0<\/td><\/tr><tr><td width=\"105\"><span style=\"color: #80a0d6;\"><strong>THURSDAY<\/strong><\/span><\/td><td width=\"320\">\u00a0<\/td><td width=\"87\">\u00a0<\/td><td width=\"118\">\u00a0<\/td><\/tr><tr><td width=\"105\">Session 3.1<\/td><td width=\"320\">Questions, answers and Demonstration<\/td><td width=\"87\">\u00a0<\/td><td width=\"118\">\u00a0<\/td><\/tr><\/tbody><\/table><\/div>\n\t\t\t\t<\/div>\n\t\t\t\t\t\t\t<div class=\"elementor-accordion-item\">\n\t\t\t\t\t<div id=\"elementor-tab-title-1062\" class=\"elementor-tab-title\" data-tab=\"2\" role=\"button\" aria-controls=\"elementor-tab-content-1062\" aria-expanded=\"false\">\n\t\t\t\t\t\t\t\t\t\t\t\t\t<span class=\"elementor-accordion-icon elementor-accordion-icon-left\" aria-hidden=\"true\">\n\t\t\t\t\t\t\t\t\t\t\t\t\t\t\t<span class=\"elementor-accordion-icon-closed\"><svg class=\"e-font-icon-svg e-fas-plus\" viewBox=\"0 0 448 512\" xmlns=\"http:\/\/www.w3.org\/2000\/svg\"><path d=\"M416 208H272V64c0-17.67-14.33-32-32-32h-32c-17.67 0-32 14.33-32 32v144H32c-17.67 0-32 14.33-32 32v32c0 17.67 14.33 32 32 32h144v144c0 17.67 14.33 32 32 32h32c17.67 0 32-14.33 32-32V304h144c17.67 0 32-14.33 32-32v-32c0-17.67-14.33-32-32-32z\"><\/path><\/svg><\/span>\n\t\t\t\t\t\t\t\t<span class=\"elementor-accordion-icon-opened\"><svg class=\"e-font-icon-svg e-fas-minus\" viewBox=\"0 0 448 512\" xmlns=\"http:\/\/www.w3.org\/2000\/svg\"><path d=\"M416 208H32c-17.67 0-32 14.33-32 32v32c0 17.67 14.33 32 32 32h384c17.67 0 32-14.33 32-32v-32c0-17.67-14.33-32-32-32z\"><\/path><\/svg><\/span>\n\t\t\t\t\t\t\t\t\t\t\t\t\t\t<\/span>\n\t\t\t\t\t\t\t\t\t\t\t\t<a class=\"elementor-accordion-title\" tabindex=\"0\">Conexi\u00f3n a m\u00e1quinas virtuales<\/a>\n\t\t\t\t\t<\/div>\n\t\t\t\t\t<div id=\"elementor-tab-content-1062\" class=\"elementor-tab-content elementor-clearfix\" data-tab=\"2\" role=\"region\" aria-labelledby=\"elementor-tab-title-1062\"><p><strong><a href=\"https:\/\/vtp-us.nsrc.org\/\" target=\"_blank\" rel=\"noopener\">https:\/\/vtp-us.nsrc.org\/<\/a><\/strong><\/p><\/div>\n\t\t\t\t<\/div>\n\t\t\t\t\t\t\t<div class=\"elementor-accordion-item\">\n\t\t\t\t\t<div id=\"elementor-tab-title-1063\" class=\"elementor-tab-title\" data-tab=\"3\" role=\"button\" aria-controls=\"elementor-tab-content-1063\" aria-expanded=\"false\">\n\t\t\t\t\t\t\t\t\t\t\t\t\t<span class=\"elementor-accordion-icon elementor-accordion-icon-left\" aria-hidden=\"true\">\n\t\t\t\t\t\t\t\t\t\t\t\t\t\t\t<span class=\"elementor-accordion-icon-closed\"><svg class=\"e-font-icon-svg e-fas-plus\" viewBox=\"0 0 448 512\" xmlns=\"http:\/\/www.w3.org\/2000\/svg\"><path d=\"M416 208H272V64c0-17.67-14.33-32-32-32h-32c-17.67 0-32 14.33-32 32v144H32c-17.67 0-32 14.33-32 32v32c0 17.67 14.33 32 32 32h144v144c0 17.67 14.33 32 32 32h32c17.67 0 32-14.33 32-32V304h144c17.67 0 32-14.33 32-32v-32c0-17.67-14.33-32-32-32z\"><\/path><\/svg><\/span>\n\t\t\t\t\t\t\t\t<span class=\"elementor-accordion-icon-opened\"><svg class=\"e-font-icon-svg e-fas-minus\" viewBox=\"0 0 448 512\" xmlns=\"http:\/\/www.w3.org\/2000\/svg\"><path d=\"M416 208H32c-17.67 0-32 14.33-32 32v32c0 17.67 14.33 32 32 32h384c17.67 0 32-14.33 32-32v-32c0-17.67-14.33-32-32-32z\"><\/path><\/svg><\/span>\n\t\t\t\t\t\t\t\t\t\t\t\t\t\t<\/span>\n\t\t\t\t\t\t\t\t\t\t\t\t<a class=\"elementor-accordion-title\" tabindex=\"0\">Material extra - 4 d\u00edas de capacitaci\u00f3n<\/a>\n\t\t\t\t\t<\/div>\n\t\t\t\t\t<div id=\"elementor-tab-content-1063\" class=\"elementor-tab-content elementor-clearfix\" data-tab=\"3\" role=\"region\" aria-labelledby=\"elementor-tab-title-1063\"><p><strong><a href=\"https:\/\/nsrc.org\/activities\/agendas\/sp\/nmm-4-days-es\/\" target=\"_blank\" rel=\"noopener\">https:\/\/nsrc.org\/activities\/agendas\/sp\/nmm-4-days-es\/<\/a><\/strong><\/p><p><br \/>\u2022 LibreNMS:<br \/>o Instalaci\u00f3n*<br \/>o Tuning*<\/p><p><br \/>\u2022 NetFlow\/NfSen:<br \/>o Configurar flujos*<br \/>o Instalar nfDump y NfSen: html*<br \/>o PortTracker de NfSen: html<\/p><p>\u2022 RANCID<br \/>o Presentaci\u00f3n: RANCID PDF<br \/>o Configuraci\u00f3n: html<\/p><p>\u2022 Request Tracker:<br \/>o Ejercicio de instalaci\u00f3n RT (ingl\u00e9s): html*<br \/>o Ejercicios m\u00e1s largos: Configuraci\u00f3n detallada<\/p><p>\u2022 SmokePing:<br \/>o Presentaci\u00f3n Tipos de Delay PDF <\/p><p>\u2022 Syslog<br \/>o Presentaci\u00f3n: PDF<br \/>o Ejercicios: HTML<\/p><\/div>\n\t\t\t\t<\/div>\n\t\t\t\t\t\t\t\t<\/div>\n\t\t\t\t\t\t<\/div>\n\t\t\t\t<\/div>\n\t\t\t\t\t<\/div>\n\t\t\t\t<\/div>\n\t\t<div class=\"elementor-element elementor-element-4d0a2ba e-flex e-con-boxed e-con e-parent\" data-id=\"4d0a2ba\" data-element_type=\"container\">\n\t\t\t\t\t<div class=\"e-con-inner\">\n\t\t<div class=\"elementor-element elementor-element-93ff4f9 e-con-full e-flex e-con e-child\" data-id=\"93ff4f9\" data-element_type=\"container\">\n\t\t\t\t<div class=\"elementor-element elementor-element-3d8062f elementor-widget elementor-widget-heading\" data-id=\"3d8062f\" data-element_type=\"widget\" data-widget_type=\"heading.default\">\n\t\t\t\t<div class=\"elementor-widget-container\">\n\t\t\t\t\t<h4 class=\"elementor-heading-title elementor-size-default\">Coordinador<\/h4>\t\t\t\t<\/div>\n\t\t\t\t<\/div>\n\t\t\t\t<div class=\"elementor-element elementor-element-0e30f0b elementor-widget elementor-widget-text-editor\" data-id=\"0e30f0b\" data-element_type=\"widget\" data-widget_type=\"text-editor.default\">\n\t\t\t\t<div class=\"elementor-widget-container\">\n\t\t\t\t\t\t\t\t\t<p>Hervey Allen &#8211; NSRC &#8211; Universidad de Oregon, USA.<\/p>\t\t\t\t\t\t\t\t<\/div>\n\t\t\t\t<\/div>\n\t\t\t\t<\/div>\n\t\t<div class=\"elementor-element elementor-element-5d10a44 e-con-full e-flex e-con e-child\" data-id=\"5d10a44\" data-element_type=\"container\">\n\t\t\t\t<div class=\"elementor-element elementor-element-a1740e1 elementor-widget elementor-widget-heading\" data-id=\"a1740e1\" data-element_type=\"widget\" data-widget_type=\"heading.default\">\n\t\t\t\t<div class=\"elementor-widget-container\">\n\t\t\t\t\t<h4 class=\"elementor-heading-title elementor-size-default\">Instructores<\/h4>\t\t\t\t<\/div>\n\t\t\t\t<\/div>\n\t\t\t\t<div class=\"elementor-element elementor-element-0925983 elementor-widget elementor-widget-text-editor\" data-id=\"0925983\" data-element_type=\"widget\" data-widget_type=\"text-editor.default\">\n\t\t\t\t<div class=\"elementor-widget-container\">\n\t\t\t\t\t\t\t\t\t<p>Hervey Allen \u2013 NSRC (Chile &#8211; USA)<\/p><p>Carlos Armas \u2013 NSRC (Canad\u00e1)<\/p><p>Antonio Lobo \u2013 NSRC (Venezuela &#8211; Canad\u00e1)<\/p>\t\t\t\t\t\t\t\t<\/div>\n\t\t\t\t<\/div>\n\t\t\t\t<\/div>\n\t\t<div class=\"elementor-element elementor-element-b7be1fd e-con-full e-flex e-con e-child\" data-id=\"b7be1fd\" data-element_type=\"container\">\n\t\t\t\t<div class=\"elementor-element elementor-element-1879f52 elementor-widget elementor-widget-heading\" data-id=\"1879f52\" data-element_type=\"widget\" data-widget_type=\"heading.default\">\n\t\t\t\t<div class=\"elementor-widget-container\">\n\t\t\t\t\t<h4 class=\"elementor-heading-title elementor-size-default\">Cupo y duraci\u00f3n<\/h4>\t\t\t\t<\/div>\n\t\t\t\t<\/div>\n\t\t\t\t<div class=\"elementor-element elementor-element-789f3e7 elementor-widget elementor-widget-text-editor\" data-id=\"789f3e7\" data-element_type=\"widget\" data-widget_type=\"text-editor.default\">\n\t\t\t\t<div class=\"elementor-widget-container\">\n\t\t\t\t\t\t\t\t\t<div class=\"elementor-widget-container\"><ul><li>30 participantes.<\/li><\/ul><ul><li><strong>Del 12 al 14 de noviembre 2024<\/strong><ul><li><strong>Horario Martes 12 y Mi\u00e9rcoles 13<\/strong><ul><li>UTC-3: 11:00 a 13:00 (Argentina, Chile, Paraguay).<\/li><li>UTC-4: 10:00 a 12:00 (Rep\u00fablica Dominicana, Venezuela).<\/li><li>UTC-5: 09:00 a 11:00 (Colombia, Cuba, Ecuador, Panam\u00e1, Per\u00fa).<\/li><li>UTC-6: 08:00 a 10:00 (Costa Rica, El Salvador, Guatemala, Honduras, M\u00e9xico, Nicaragua).<\/li><\/ul><\/li><li><strong>Horario Jueves 14<\/strong><\/li><\/ul><\/li><\/ul><\/div><div class=\"elementor-widget-container\"><ul><li style=\"list-style-type: none;\"><ul><li style=\"list-style-type: none;\"><ul><li>UTC-3: 11:00 a 12:00 (Argentina, Chile, Paraguay).<\/li><li>UTC-4: 10:00 a 11:00 (Rep\u00fablica Dominicana, Venezuela).<\/li><li>UTC-5: 09:00 a 10:00 (Colombia, Cuba, Ecuador, Panam\u00e1, Per\u00fa).<\/li><li>UTC-6: 08:00 a 9:00 (Costa Rica, El Salvador, Guatemala, Honduras, M\u00e9xico, Nicaragua).<\/li><\/ul><\/li><\/ul><\/li><\/ul><ul><li class=\"asterisk\">Ejercicios: Plataforma virtual en la nube.<\/li><\/ul><\/div>\t\t\t\t\t\t\t\t<\/div>\n\t\t\t\t<\/div>\n\t\t\t\t<\/div>\n\t\t\t\t\t<\/div>\n\t\t\t\t<\/div>\n\t\t\t\t<\/div>\n\t\t","protected":false},"excerpt":{"rendered":"<p>Programa Acad\u00e9mico Definitivo Dirigido a Administradores, ingenieros y t\u00e9cnicos de sistemas de redes de Redes de Investigaci\u00f3n y Educaci\u00f3n, Universidades e ISPs que sean responsables del mantenimiento, planificaci\u00f3n y dise\u00f1o de redes. Descripci\u00f3n Este taller est\u00e1 dise\u00f1ado para ingenieros y &hellip; <a href=\"https:\/\/eslared.net\/walc2024\/?page_id=134\">Continuar<\/a><\/p>\n","protected":false},"author":1,"featured_media":0,"parent":0,"menu_order":0,"comment_status":"closed","ping_status":"closed","template":"","meta":{"footnotes":""},"class_list":["post-134","page","type-page","status-publish","hentry"],"_links":{"self":[{"href":"https:\/\/eslared.net\/walc2024\/index.php?rest_route=\/wp\/v2\/pages\/134","targetHints":{"allow":["GET"]}}],"collection":[{"href":"https:\/\/eslared.net\/walc2024\/index.php?rest_route=\/wp\/v2\/pages"}],"about":[{"href":"https:\/\/eslared.net\/walc2024\/index.php?rest_route=\/wp\/v2\/types\/page"}],"author":[{"embeddable":true,"href":"https:\/\/eslared.net\/walc2024\/index.php?rest_route=\/wp\/v2\/users\/1"}],"replies":[{"embeddable":true,"href":"https:\/\/eslared.net\/walc2024\/index.php?rest_route=%2Fwp%2Fv2%2Fcomments&post=134"}],"version-history":[{"count":61,"href":"https:\/\/eslared.net\/walc2024\/index.php?rest_route=\/wp\/v2\/pages\/134\/revisions"}],"predecessor-version":[{"id":1134,"href":"https:\/\/eslared.net\/walc2024\/index.php?rest_route=\/wp\/v2\/pages\/134\/revisions\/1134"}],"wp:attachment":[{"href":"https:\/\/eslared.net\/walc2024\/index.php?rest_route=%2Fwp%2Fv2%2Fmedia&parent=134"}],"curies":[{"name":"wp","href":"https:\/\/api.w.org\/{rel}","templated":true}]}}