{"id":85,"date":"2023-02-07T15:40:28","date_gmt":"2023-02-07T19:40:28","guid":{"rendered":"https:\/\/eslared.net\/gestion-raee\/?page_id=85"},"modified":"2023-02-07T15:40:29","modified_gmt":"2023-02-07T19:40:29","slug":"inicio","status":"publish","type":"page","link":"https:\/\/eslared.net\/gestion-raee\/","title":{"rendered":"Inicio"},"content":{"rendered":"\n<p>La Escuela Latinoamericana de Redes (EsLaRed) ha creado este blog con la finalidad de ayudar a promover y difundir la importancia que tiene para todos los ciudadanos del mundo, establecer pol\u00edticas efectivas para la gesti\u00f3n integral de los residuos de aparatos electr\u00f3nicos y el\u00e9ctricos (RAEE).<\/p>\n\n\n\n<p>En el blog encontrar\u00e1s informaci\u00f3n referida a la Gesti\u00f3n de los RAEE en Venezuela y el mundo, discernida en art\u00edculos informativos, de opini\u00f3n, cient\u00edficos, reportes e informes, noticias, entre otras publicaciones.<\/p>\n\n\n\n<p>Comparte con nosotros tus opiniones, reflexiones, y comentarios sobre la tem\u00e1tica, y apoyemos a alcanzar un mundo m\u00e1s sostenible y con justicia ambiental; aqu\u00ed nos conectamos con conciencia ambiental.<\/p>\n","protected":false},"excerpt":{"rendered":"<p>La Escuela Latinoamericana de Redes (EsLaRed) ha creado este blog con la finalidad de ayudar a promover y difundir la importancia que tiene para todos los ciudadanos del mundo, establecer pol\u00edticas efectivas para la gesti\u00f3n integral de los residuos de aparatos electr\u00f3nicos y el\u00e9ctricos (RAEE). En el blog encontrar\u00e1s informaci\u00f3n referida a la Gesti\u00f3n de &#8230; <a title=\"Inicio\" class=\"read-more\" href=\"https:\/\/eslared.net\/gestion-raee\/\" aria-label=\"M\u00e1s en Inicio\">Leer m\u00e1s<\/a><\/p>\n","protected":false},"author":1,"featured_media":0,"parent":0,"menu_order":0,"comment_status":"closed","ping_status":"closed","template":"","meta":{"footnotes":""},"class_list":["post-85","page","type-page","status-publish"],"_links":{"self":[{"href":"https:\/\/eslared.net\/gestion-raee\/index.php?rest_route=\/wp\/v2\/pages\/85","targetHints":{"allow":["GET"]}}],"collection":[{"href":"https:\/\/eslared.net\/gestion-raee\/index.php?rest_route=\/wp\/v2\/pages"}],"about":[{"href":"https:\/\/eslared.net\/gestion-raee\/index.php?rest_route=\/wp\/v2\/types\/page"}],"author":[{"embeddable":true,"href":"https:\/\/eslared.net\/gestion-raee\/index.php?rest_route=\/wp\/v2\/users\/1"}],"replies":[{"embeddable":true,"href":"https:\/\/eslared.net\/gestion-raee\/index.php?rest_route=%2Fwp%2Fv2%2Fcomments&post=85"}],"version-history":[{"count":1,"href":"https:\/\/eslared.net\/gestion-raee\/index.php?rest_route=\/wp\/v2\/pages\/85\/revisions"}],"predecessor-version":[{"id":86,"href":"https:\/\/eslared.net\/gestion-raee\/index.php?rest_route=\/wp\/v2\/pages\/85\/revisions\/86"}],"wp:attachment":[{"href":"https:\/\/eslared.net\/gestion-raee\/index.php?rest_route=%2Fwp%2Fv2%2Fmedia&parent=85"}],"curies":[{"name":"wp","href":"https:\/\/api.w.org\/{rel}","templated":true}]}}