{"id":7,"date":"2025-01-26T17:04:28","date_gmt":"2025-01-26T21:04:28","guid":{"rendered":"https:\/\/eslared.net\/auditoria-social-tic\/?page_id=7"},"modified":"2025-03-07T13:58:11","modified_gmt":"2025-03-07T17:58:11","slug":"inicio","status":"publish","type":"page","link":"https:\/\/eslared.net\/auditoria-social-tic\/","title":{"rendered":"Inicio"},"content":{"rendered":"\t\t<div data-elementor-type=\"wp-page\" data-elementor-id=\"7\" class=\"elementor elementor-7\">\n\t\t\t\t<div class=\"elementor-element elementor-element-1f5b7be e-flex e-con-boxed e-con e-parent\" data-id=\"1f5b7be\" data-element_type=\"container\" data-settings=\"{&quot;background_background&quot;:&quot;classic&quot;}\">\n\t\t\t\t\t<div class=\"e-con-inner\">\n\t\t\t\t<div class=\"elementor-element elementor-element-73b6f4c elementor-widget elementor-widget-heading\" data-id=\"73b6f4c\" data-element_type=\"widget\" data-widget_type=\"heading.default\">\n\t\t\t\t<div class=\"elementor-widget-container\">\n\t\t\t\t\t<h2 class=\"elementor-heading-title elementor-size-default\">Fundaci\u00f3n Escuela Latinoamericana de Redes<\/h2>\t\t\t\t<\/div>\n\t\t\t\t<\/div>\n\t\t\t\t\t<\/div>\n\t\t\t\t<\/div>\n\t\t<div class=\"elementor-element elementor-element-5c0166e e-flex e-con-boxed e-con e-parent\" data-id=\"5c0166e\" data-element_type=\"container\">\n\t\t\t\t\t<div class=\"e-con-inner\">\n\t\t\t\t<div class=\"elementor-element elementor-element-fffec18 elementor-widget elementor-widget-html\" data-id=\"fffec18\" data-element_type=\"widget\" data-widget_type=\"html.default\">\n\t\t\t\t<div class=\"elementor-widget-container\">\n\t\t\t\t\t<div id=\"metaslider-id-31\" style=\"width: 100%;\" class=\"ml-slider-3-96-0 metaslider metaslider-flex metaslider-31 ml-slider ms-theme-default-base has-dots-nav\" role=\"region\" aria-roledescription=\"Slideshow\" aria-label=\"Slider1\">\n    <div id=\"metaslider_container_31\">\n        <div id=\"metaslider_31\">\n            <ul class='slides'>\n                <li style=\"display: block; width: 100%;\" class=\"slide-38 ms-image \" aria-roledescription=\"slide\" aria-label=\"slide-38\" data-date=\"2025-01-26 17:29:34\"><img fetchpriority=\"high\" decoding=\"async\" src=\"https:\/\/eslared.net\/auditoria-social-tic\/wp-content\/uploads\/2025\/01\/auditoria-social-1-1280x550.png\" height=\"550\" width=\"1280\" alt=\"\" class=\"slider-31 slide-38\" title=\"auditoria-social-1\" \/><\/li>\n                <li style=\"display: none; width: 100%;\" class=\"slide-39 ms-image \" aria-roledescription=\"slide\" aria-label=\"slide-39\" data-date=\"2025-01-26 17:29:34\"><img decoding=\"async\" src=\"https:\/\/eslared.net\/auditoria-social-tic\/wp-content\/uploads\/2025\/01\/auditoria-social-2-1280x550.png\" height=\"550\" width=\"1280\" alt=\"\" class=\"slider-31 slide-39\" title=\"auditoria-social-2\" \/><\/li>\n                <li style=\"display: none; width: 100%;\" class=\"slide-40 ms-image \" aria-roledescription=\"slide\" aria-label=\"slide-40\" data-date=\"2025-01-26 17:29:34\"><img decoding=\"async\" src=\"https:\/\/eslared.net\/auditoria-social-tic\/wp-content\/uploads\/2025\/02\/auditoria-social-3-2-1280x550.png\" height=\"550\" width=\"1280\" alt=\"\" class=\"slider-31 slide-40\" title=\"auditoria-social-3-2\" \/><\/li>\n                <li style=\"display: none; width: 100%;\" class=\"slide-41 ms-image \" aria-roledescription=\"slide\" aria-label=\"slide-41\" data-date=\"2025-01-26 17:29:35\"><img loading=\"lazy\" decoding=\"async\" src=\"https:\/\/eslared.net\/auditoria-social-tic\/wp-content\/uploads\/2025\/01\/auditoria-social-4-1280x550.png\" height=\"550\" width=\"1280\" alt=\"\" class=\"slider-31 slide-41\" title=\"auditoria-social-4\" \/><\/li>\n                <li style=\"display: none; width: 100%;\" class=\"slide-42 ms-image \" aria-roledescription=\"slide\" aria-label=\"slide-42\" data-date=\"2025-01-26 17:29:35\"><img loading=\"lazy\" decoding=\"async\" src=\"https:\/\/eslared.net\/auditoria-social-tic\/wp-content\/uploads\/2025\/01\/auditoria-social-5-1280x550.png\" height=\"550\" width=\"1280\" alt=\"\" class=\"slider-31 slide-42\" title=\"auditoria-social-5\" \/><\/li>\n                <li style=\"display: none; width: 100%;\" class=\"slide-43 ms-image \" aria-roledescription=\"slide\" aria-label=\"slide-43\" data-date=\"2025-01-26 17:29:35\"><img loading=\"lazy\" decoding=\"async\" src=\"https:\/\/eslared.net\/auditoria-social-tic\/wp-content\/uploads\/2025\/01\/auditoria-social-6-1280x550.png\" height=\"550\" width=\"1280\" alt=\"\" class=\"slider-31 slide-43\" title=\"auditoria-social-6\" \/><\/li>\n            <\/ul>\n        <\/div>\n        \n    <\/div>\n<\/div>\t\t\t\t<\/div>\n\t\t\t\t<\/div>\n\t\t\t\t\t<\/div>\n\t\t\t\t<\/div>\n\t\t<div class=\"elementor-element elementor-element-0b66bf6 e-flex e-con-boxed e-con e-parent\" data-id=\"0b66bf6\" data-element_type=\"container\" data-settings=\"{&quot;background_background&quot;:&quot;classic&quot;}\">\n\t\t\t\t\t<div class=\"e-con-inner\">\n\t\t\t\t<div class=\"elementor-element elementor-element-f9c194e elementor-widget elementor-widget-spacer\" data-id=\"f9c194e\" data-element_type=\"widget\" data-widget_type=\"spacer.default\">\n\t\t\t\t<div class=\"elementor-widget-container\">\n\t\t\t\t\t\t\t<div class=\"elementor-spacer\">\n\t\t\t<div class=\"elementor-spacer-inner\"><\/div>\n\t\t<\/div>\n\t\t\t\t\t\t<\/div>\n\t\t\t\t<\/div>\n\t\t\t\t<div class=\"elementor-element elementor-element-a2ca3f8 elementor-widget elementor-widget-heading\" data-id=\"a2ca3f8\" data-element_type=\"widget\" data-widget_type=\"heading.default\">\n\t\t\t\t<div class=\"elementor-widget-container\">\n\t\t\t\t\t<h1 class=\"elementor-heading-title elementor-size-default\">Auditor\u00eda Social para acceder<\/h1>\t\t\t\t<\/div>\n\t\t\t\t<\/div>\n\t\t\t\t\t<\/div>\n\t\t\t\t<\/div>\n\t\t<div class=\"elementor-element elementor-element-f874f5a e-flex e-con-boxed e-con e-parent\" data-id=\"f874f5a\" data-element_type=\"container\" data-settings=\"{&quot;background_background&quot;:&quot;classic&quot;}\">\n\t\t\t\t\t<div class=\"e-con-inner\">\n\t\t\t\t<div class=\"elementor-element elementor-element-c03f292 elementor-widget elementor-widget-heading\" data-id=\"c03f292\" data-element_type=\"widget\" data-widget_type=\"heading.default\">\n\t\t\t\t<div class=\"elementor-widget-container\">\n\t\t\t\t\t<h1 class=\"elementor-heading-title elementor-size-default\">a la informaci\u00f3n p\u00fablica<\/h1>\t\t\t\t<\/div>\n\t\t\t\t<\/div>\n\t\t\t\t\t<\/div>\n\t\t\t\t<\/div>\n\t\t<div class=\"elementor-element elementor-element-0efe3ac e-flex e-con-boxed e-con e-parent\" data-id=\"0efe3ac\" data-element_type=\"container\" data-settings=\"{&quot;background_background&quot;:&quot;classic&quot;}\">\n\t\t\t\t\t<div class=\"e-con-inner\">\n\t\t\t\t<div class=\"elementor-element elementor-element-252d910 elementor-widget elementor-widget-heading\" data-id=\"252d910\" data-element_type=\"widget\" data-widget_type=\"heading.default\">\n\t\t\t\t<div class=\"elementor-widget-container\">\n\t\t\t\t\t<h1 class=\"elementor-heading-title elementor-size-default\">en Venezuela<\/h1>\t\t\t\t<\/div>\n\t\t\t\t<\/div>\n\t\t\t\t<div class=\"elementor-element elementor-element-2e24b8f elementor-widget elementor-widget-spacer\" data-id=\"2e24b8f\" data-element_type=\"widget\" data-widget_type=\"spacer.default\">\n\t\t\t\t<div class=\"elementor-widget-container\">\n\t\t\t\t\t\t\t<div class=\"elementor-spacer\">\n\t\t\t<div class=\"elementor-spacer-inner\"><\/div>\n\t\t<\/div>\n\t\t\t\t\t\t<\/div>\n\t\t\t\t<\/div>\n\t\t\t\t\t<\/div>\n\t\t\t\t<\/div>\n\t\t<div class=\"elementor-element elementor-element-b1833d6 e-flex e-con-boxed e-con e-parent\" data-id=\"b1833d6\" data-element_type=\"container\">\n\t\t\t\t\t<div class=\"e-con-inner\">\n\t\t\t\t<div class=\"elementor-element elementor-element-191e48f elementor-widget elementor-widget-spacer\" data-id=\"191e48f\" data-element_type=\"widget\" data-widget_type=\"spacer.default\">\n\t\t\t\t<div class=\"elementor-widget-container\">\n\t\t\t\t\t\t\t<div class=\"elementor-spacer\">\n\t\t\t<div class=\"elementor-spacer-inner\"><\/div>\n\t\t<\/div>\n\t\t\t\t\t\t<\/div>\n\t\t\t\t<\/div>\n\t\t\t\t\t<\/div>\n\t\t\t\t<\/div>\n\t\t<div class=\"elementor-element elementor-element-a2ffccd e-flex e-con-boxed e-con e-parent\" data-id=\"a2ffccd\" data-element_type=\"container\">\n\t\t\t\t\t<div class=\"e-con-inner\">\n\t\t\t\t<div class=\"elementor-element elementor-element-71df96d elementor-widget elementor-widget-heading\" data-id=\"71df96d\" data-element_type=\"widget\" data-widget_type=\"heading.default\">\n\t\t\t\t<div class=\"elementor-widget-container\">\n\t\t\t\t\t<h2 class=\"elementor-heading-title elementor-size-default\">Defensa del derecho al acceso a la informaci\u00f3n p\u00fablica<\/h2>\t\t\t\t<\/div>\n\t\t\t\t<\/div>\n\t\t\t\t\t<\/div>\n\t\t\t\t<\/div>\n\t\t<div class=\"elementor-element elementor-element-b583a2d e-flex e-con-boxed e-con e-parent\" data-id=\"b583a2d\" data-element_type=\"container\">\n\t\t\t\t\t<div class=\"e-con-inner\">\n\t\t\t\t<div class=\"elementor-element elementor-element-e8c965b elementor-widget elementor-widget-spacer\" data-id=\"e8c965b\" data-element_type=\"widget\" data-widget_type=\"spacer.default\">\n\t\t\t\t<div class=\"elementor-widget-container\">\n\t\t\t\t\t\t\t<div class=\"elementor-spacer\">\n\t\t\t<div class=\"elementor-spacer-inner\"><\/div>\n\t\t<\/div>\n\t\t\t\t\t\t<\/div>\n\t\t\t\t<\/div>\n\t\t\t\t\t<\/div>\n\t\t\t\t<\/div>\n\t\t<div class=\"elementor-element elementor-element-28cae42 e-flex e-con-boxed e-con e-parent\" data-id=\"28cae42\" data-element_type=\"container\" data-settings=\"{&quot;background_background&quot;:&quot;classic&quot;}\">\n\t\t\t\t\t<div class=\"e-con-inner\">\n\t\t<div class=\"elementor-element elementor-element-0ad2e00 e-con-full e-flex e-con e-child\" data-id=\"0ad2e00\" data-element_type=\"container\">\n\t\t\t\t<div class=\"elementor-element elementor-element-b1fdbd6 elementor-widget elementor-widget-image\" data-id=\"b1fdbd6\" data-element_type=\"widget\" data-widget_type=\"image.default\">\n\t\t\t\t<div class=\"elementor-widget-container\">\n\t\t\t\t\t\t\t\t\t\t\t\t\t\t\t\t<a href=\"https:\/\/eslared.net\/auditoria-social-tic\/situacion-en-venezuela\/\">\n\t\t\t\t\t\t\t<img loading=\"lazy\" decoding=\"async\" width=\"300\" height=\"300\" src=\"https:\/\/eslared.net\/auditoria-social-tic\/wp-content\/uploads\/2025\/02\/situacion-venezuela-300x300.png\" class=\"elementor-animation-pulse attachment-medium size-medium wp-image-122\" alt=\"\" srcset=\"https:\/\/eslared.net\/auditoria-social-tic\/wp-content\/uploads\/2025\/02\/situacion-venezuela-300x300.png 300w, https:\/\/eslared.net\/auditoria-social-tic\/wp-content\/uploads\/2025\/02\/situacion-venezuela-150x150.png 150w, https:\/\/eslared.net\/auditoria-social-tic\/wp-content\/uploads\/2025\/02\/situacion-venezuela.png 500w\" sizes=\"(max-width: 300px) 100vw, 300px\" \/>\t\t\t\t\t\t\t\t<\/a>\n\t\t\t\t\t\t\t\t\t\t\t\t\t\t\t<\/div>\n\t\t\t\t<\/div>\n\t\t\t\t<div class=\"elementor-element elementor-element-030b123 elementor-widget elementor-widget-text-editor\" data-id=\"030b123\" data-element_type=\"widget\" data-widget_type=\"text-editor.default\">\n\t\t\t\t<div class=\"elementor-widget-container\">\n\t\t\t\t\t\t\t\t\t<h1 style=\"text-align: center;\"><span style=\"color: #ffffff;\">Situaci\u00f3n en<\/span><br \/><span style=\"color: #ffffff;\">Venezuela<\/span><\/h1>\t\t\t\t\t\t\t\t<\/div>\n\t\t\t\t<\/div>\n\t\t\t\t<\/div>\n\t\t<div class=\"elementor-element elementor-element-f4db6fa e-con-full e-flex e-con e-child\" data-id=\"f4db6fa\" data-element_type=\"container\">\n\t\t\t\t<div class=\"elementor-element elementor-element-626a97d elementor-widget elementor-widget-image\" data-id=\"626a97d\" data-element_type=\"widget\" data-widget_type=\"image.default\">\n\t\t\t\t<div class=\"elementor-widget-container\">\n\t\t\t\t\t\t\t\t\t\t\t\t\t\t\t\t<a href=\"https:\/\/eslared.net\/auditoria-social-tic\/analisis-situacional\/\">\n\t\t\t\t\t\t\t<img loading=\"lazy\" decoding=\"async\" width=\"300\" height=\"300\" src=\"https:\/\/eslared.net\/auditoria-social-tic\/wp-content\/uploads\/2025\/02\/analisis-situacional-1-300x300.png\" class=\"elementor-animation-pulse attachment-medium size-medium wp-image-165\" alt=\"\" srcset=\"https:\/\/eslared.net\/auditoria-social-tic\/wp-content\/uploads\/2025\/02\/analisis-situacional-1-300x300.png 300w, https:\/\/eslared.net\/auditoria-social-tic\/wp-content\/uploads\/2025\/02\/analisis-situacional-1-150x150.png 150w, https:\/\/eslared.net\/auditoria-social-tic\/wp-content\/uploads\/2025\/02\/analisis-situacional-1.png 500w\" sizes=\"(max-width: 300px) 100vw, 300px\" \/>\t\t\t\t\t\t\t\t<\/a>\n\t\t\t\t\t\t\t\t\t\t\t\t\t\t\t<\/div>\n\t\t\t\t<\/div>\n\t\t\t\t<div class=\"elementor-element elementor-element-1739892 elementor-widget elementor-widget-text-editor\" data-id=\"1739892\" data-element_type=\"widget\" data-widget_type=\"text-editor.default\">\n\t\t\t\t<div class=\"elementor-widget-container\">\n\t\t\t\t\t\t\t\t\t<h1 style=\"text-align: center;\"><span style=\"color: #ffffff;\">An\u00e1lisis<\/span><br \/><span style=\"color: #ffffff;\">situacional<\/span><\/h1>\t\t\t\t\t\t\t\t<\/div>\n\t\t\t\t<\/div>\n\t\t\t\t<\/div>\n\t\t\t\t\t<\/div>\n\t\t\t\t<\/div>\n\t\t<div class=\"elementor-element elementor-element-3888b1c e-flex e-con-boxed e-con e-parent\" data-id=\"3888b1c\" data-element_type=\"container\" data-settings=\"{&quot;background_background&quot;:&quot;classic&quot;}\">\n\t\t\t\t\t<div class=\"e-con-inner\">\n\t\t<div class=\"elementor-element elementor-element-d6f8a73 e-con-full e-flex e-con e-child\" data-id=\"d6f8a73\" data-element_type=\"container\">\n\t\t\t\t<div class=\"elementor-element elementor-element-5a8e715 elementor-widget elementor-widget-spacer\" data-id=\"5a8e715\" data-element_type=\"widget\" data-widget_type=\"spacer.default\">\n\t\t\t\t<div class=\"elementor-widget-container\">\n\t\t\t\t\t\t\t<div class=\"elementor-spacer\">\n\t\t\t<div class=\"elementor-spacer-inner\"><\/div>\n\t\t<\/div>\n\t\t\t\t\t\t<\/div>\n\t\t\t\t<\/div>\n\t\t\t\t<div class=\"elementor-element elementor-element-210ba8c elementor-widget elementor-widget-heading\" data-id=\"210ba8c\" data-element_type=\"widget\" data-widget_type=\"heading.default\">\n\t\t\t\t<div class=\"elementor-widget-container\">\n\t\t\t\t\t<h1 class=\"elementor-heading-title elementor-size-default\">\u00bfComo hacer una auditor\u00eda social para defender el derecho al acceso a la informaci\u00f3n p\u00fablica en Venezuela?<\/h1>\t\t\t\t<\/div>\n\t\t\t\t<\/div>\n\t\t\t\t<div class=\"elementor-element elementor-element-fc9d1d6 elementor-widget__width-initial elementor-widget elementor-widget-image\" data-id=\"fc9d1d6\" data-element_type=\"widget\" data-widget_type=\"image.default\">\n\t\t\t\t<div class=\"elementor-widget-container\">\n\t\t\t\t\t\t\t\t\t\t\t\t\t\t\t\t<a href=\"https:\/\/eslared.net\/auditoria-social-tic\/wp-content\/uploads\/2025\/03\/Guia-auditoria-v5-F.pdf\" target=\"_blank\">\n\t\t\t\t\t\t\t<img decoding=\"async\" src=\"https:\/\/eslared.net\/auditoria-social-tic\/wp-content\/uploads\/elementor\/thumbs\/pdf-file-format-symbol_29099-e1740457581639-r20cy778i62wl3t6l3s3g64pdv96vjfbb3bidny3qs.png\" title=\"pdf-file-format-symbol_29099\" alt=\"pdf-file-format-symbol_29099\" class=\"elementor-animation-pulse\" loading=\"lazy\" \/>\t\t\t\t\t\t\t\t<\/a>\n\t\t\t\t\t\t\t\t\t\t\t\t\t\t\t<\/div>\n\t\t\t\t<\/div>\n\t\t\t\t<\/div>\n\t\t<div class=\"elementor-element elementor-element-a6ce624 e-con-full e-flex e-con e-child\" data-id=\"a6ce624\" data-element_type=\"container\">\n\t\t\t\t<div class=\"elementor-element elementor-element-2a3bb65 elementor-widget elementor-widget-image\" data-id=\"2a3bb65\" data-element_type=\"widget\" data-widget_type=\"image.default\">\n\t\t\t\t<div class=\"elementor-widget-container\">\n\t\t\t\t\t\t\t\t\t\t\t\t\t\t\t\t<a href=\"https:\/\/eslared.net\/auditoria-social-tic\/guia-auditoria-social\/\">\n\t\t\t\t\t\t\t<img loading=\"lazy\" decoding=\"async\" width=\"1006\" height=\"708\" src=\"https:\/\/eslared.net\/auditoria-social-tic\/wp-content\/uploads\/2025\/02\/guia.png\" class=\"elementor-animation-pulse attachment-full size-full wp-image-234\" alt=\"\" srcset=\"https:\/\/eslared.net\/auditoria-social-tic\/wp-content\/uploads\/2025\/02\/guia.png 1006w, https:\/\/eslared.net\/auditoria-social-tic\/wp-content\/uploads\/2025\/02\/guia-300x211.png 300w, https:\/\/eslared.net\/auditoria-social-tic\/wp-content\/uploads\/2025\/02\/guia-768x541.png 768w\" sizes=\"(max-width: 1006px) 100vw, 1006px\" \/>\t\t\t\t\t\t\t\t<\/a>\n\t\t\t\t\t\t\t\t\t\t\t\t\t\t\t<\/div>\n\t\t\t\t<\/div>\n\t\t\t\t<\/div>\n\t\t\t\t\t<\/div>\n\t\t\t\t<\/div>\n\t\t<div class=\"elementor-element elementor-element-60c0b4a e-flex e-con-boxed e-con e-parent\" data-id=\"60c0b4a\" data-element_type=\"container\" data-settings=\"{&quot;background_background&quot;:&quot;classic&quot;}\">\n\t\t\t\t\t<div class=\"e-con-inner\">\n\t\t\t\t<div class=\"elementor-element elementor-element-6a42b4f elementor-widget elementor-widget-html\" data-id=\"6a42b4f\" data-element_type=\"widget\" data-widget_type=\"html.default\">\n\t\t\t\t<div class=\"elementor-widget-container\">\n\t\t\t\t\t<div class='bootstrap-yop yop-poll-mc'>\n\t\t\t\t\t\t\t<div class=\"basic-yop-poll-container\" style=\"background-color:#013c5c; border:0px; border-style:solid; border-color:#3f8b43; border-radius:0px; padding:10px 10px;\" data-id=\"1\" data-temp=\"basic\" data-skin=\"minimal\" data-cscheme=\"black\" data-cap=\"0\" data-access=\"guest\" data-tid=\"\" data-uid=\"b0c437df369b9ce94a0df3c52786234c\" data-pid=\"7\" data-resdet=\"votes-number,percentages\" data-show-results-to=\"guest\" data-show-results-moment=\"after-vote\" data-show-results-only=\"false\" data-show-message=\"true\" data-show-results-as=\"bar\" data-sort-results-by=\"as-defined\" data-sort-results-rule=\"asc\"data-is-ended=\"0\" data-gdpr=\"no\" data-gdpr-sol=\"consent\" data-css=\".basic-yop-poll-container[data-uid] .basic-vote { text-align: center; }\" data-counter=\"0\" data-load-with=\"1\" data-notification-section=\"bottom\"><div class=\"row\"><div class=\"col-md-12\"><div class=\"basic-inner\"><div class=\"basic-overlay hide\"><div class=\"basic-vote-options\"><\/div><div class=\"basic-preloader\"><div class=\"basic-windows8\"><div class=\"basic-wBall basic-wBall_1\"><div class=\"basic-wInnerBall\"><\/div><\/div><div class=\"basic-wBall basic-wBall_2\"><div class=\"basic-wInnerBall\"><\/div><\/div><div class=\"basic-wBall basic-wBall_3\"><div class=\"basic-wInnerBall\"><\/div><\/div><div class=\"basic-wBall basic-wBall_4\"><div class=\"basic-wInnerBall\"><\/div><\/div><div class=\"basic-wBall basic-wBall_5\"><div class=\"basic-wInnerBall\"><\/div><\/div><\/div><\/div><\/div><form class=\"basic-form\"><input type=\"hidden\" name=\"_token\" value=\"b523258d35\" autocomplete=\"off\"><div class=\"basic-elements\"><div class=\"basic-element basic-question basic-question-text-vertical\" data-id=\"1\" data-uid=\"e71627bfd61421d2cf3c51f2eaad73c0\" data-type=\"question\" data-question-type=\"text\" data-allow-multiple=\"no\" data-min=\"1\" data-max=\"1\" data-display=\"vertical\" data-colnum=\"2\" data-display-others=\"no\" data-others-color=\"\" data-others=\"\"><div role=\"heading\" aria-level=\"5\" class=\"basic-question-title\" style=\"color:#ffffff; font-size:18px; font-weight:normal; text-align:left;\">\u00bfTe parece \u00fatil la informaci\u00f3n de la gu\u00eda?<\/div><ul class=\"basic-answers\"><li class=\"basic-answer\" style=\"padding:0px 20px;\" data-id=\"1\" data-type=\"text\" data-vn=\"12\" data-color=\"#ffffff\" data-make-link=\"no\" data-link=\"\"><div class=\"basic-answer-content basic-text-vertical\"><label for=\"answer[1]\" class=\"basic-answer-label\"><input type=\"radio\" id=\"answer[1]\" name=\"answer[1]\" value=\"1\"  autocomplete=\"off\"><span class=\"basic-text\" style=\"color: #ffffff; font-size: 18px; font-weight: normal;\" tabindex=\"0\">Si<\/span><\/label><\/div><\/li><li class=\"basic-answer\" style=\"padding:0px 20px;\" data-id=\"2\" data-type=\"text\" data-vn=\"6\" data-color=\"#ffffff\" data-make-link=\"no\" data-link=\"\"><div class=\"basic-answer-content basic-text-vertical\"><label for=\"answer[2]\" class=\"basic-answer-label\"><input type=\"radio\" id=\"answer[2]\" name=\"answer[1]\" value=\"2\"  autocomplete=\"off\"><span class=\"basic-text\" style=\"color: #ffffff; font-size: 18px; font-weight: normal;\" tabindex=\"0\">No<\/span><\/label><\/div><\/li><\/ul><\/div><div class=\"clearfix\"><\/div><\/div><div class=\"basic-message hide\" style=\"border-left: 10px solid #008000; padding: 0px 10px;\" data-error=\"#ff0000\" data-success=\"#008000\"><p class=\"basic-message-text\" style=\"color:#ffffff; font-size:18px; font-weight:normal;\"><\/p><\/div><div class=\"basic-vote\"><a href=\"#\" class=\"button basic-vote-button\" role=\"button\" style=\"background:#ffffff; border:1px; border-style: solid; border-color:#000000; border-radius:0px; padding:5px 10px; color:#000000; font-size:14px; font-weight:normal;\">Vote<\/a><a href=\"#\" class=\"button basic-results-button\" role=\"button\" style=\"background:#ffffff; border:1px; border-style: solid; border-color:#000000; border-radius:0px; padding:5px 10px; color:#000000; font-size:14px; font-weight:normal;\">Resultados<\/a><\/div><\/form><\/div><\/div><\/div><\/div>\n\t\t\t\t\t\t<\/div>\t\t\t\t<\/div>\n\t\t\t\t<\/div>\n\t\t\t\t\t<\/div>\n\t\t\t\t<\/div>\n\t\t\t\t<\/div>\n\t\t","protected":false},"excerpt":{"rendered":"<p>Fundaci\u00f3n Escuela Latinoamericana de Redes Auditor\u00eda Social para acceder a la informaci\u00f3n p\u00fablica en Venezuela Defensa del derecho al acceso a la informaci\u00f3n p\u00fablica Situaci\u00f3n enVenezuela An\u00e1lisissituacional \u00bfComo hacer una auditor\u00eda social para defender el derecho al acceso a la informaci\u00f3n p\u00fablica en Venezuela?<\/p>\n","protected":false},"author":1,"featured_media":0,"parent":0,"menu_order":0,"comment_status":"closed","ping_status":"closed","template":"page-templates\/template-pagebuilder-full-width.php","meta":{"neve_meta_sidebar":"","neve_meta_container":"","neve_meta_enable_content_width":"","neve_meta_content_width":0,"neve_meta_title_alignment":"","neve_meta_author_avatar":"","neve_post_elements_order":"","neve_meta_disable_header":"off","neve_meta_disable_footer":"","neve_meta_disable_title":"on","footnotes":""},"class_list":["post-7","page","type-page","status-publish","hentry"],"_links":{"self":[{"href":"https:\/\/eslared.net\/auditoria-social-tic\/wp-json\/wp\/v2\/pages\/7","targetHints":{"allow":["GET"]}}],"collection":[{"href":"https:\/\/eslared.net\/auditoria-social-tic\/wp-json\/wp\/v2\/pages"}],"about":[{"href":"https:\/\/eslared.net\/auditoria-social-tic\/wp-json\/wp\/v2\/types\/page"}],"author":[{"embeddable":true,"href":"https:\/\/eslared.net\/auditoria-social-tic\/wp-json\/wp\/v2\/users\/1"}],"replies":[{"embeddable":true,"href":"https:\/\/eslared.net\/auditoria-social-tic\/wp-json\/wp\/v2\/comments?post=7"}],"version-history":[{"count":145,"href":"https:\/\/eslared.net\/auditoria-social-tic\/wp-json\/wp\/v2\/pages\/7\/revisions"}],"predecessor-version":[{"id":369,"href":"https:\/\/eslared.net\/auditoria-social-tic\/wp-json\/wp\/v2\/pages\/7\/revisions\/369"}],"wp:attachment":[{"href":"https:\/\/eslared.net\/auditoria-social-tic\/wp-json\/wp\/v2\/media?parent=7"}],"curies":[{"name":"wp","href":"https:\/\/api.w.org\/{rel}","templated":true}]}}