{"id":323,"date":"2025-02-25T11:01:07","date_gmt":"2025-02-25T15:01:07","guid":{"rendered":"https:\/\/eslared.net\/auditoria-social-tic\/?page_id=323"},"modified":"2025-02-25T11:45:22","modified_gmt":"2025-02-25T15:45:22","slug":"analisis-situacional","status":"publish","type":"page","link":"https:\/\/eslared.net\/auditoria-social-tic\/analisis-situacional\/","title":{"rendered":"An\u00e1lisis situacional"},"content":{"rendered":"\t\t<div data-elementor-type=\"wp-page\" data-elementor-id=\"323\" class=\"elementor elementor-323\">\n\t\t\t\t<div class=\"elementor-element elementor-element-595fb93 e-flex e-con-boxed e-con e-parent\" data-id=\"595fb93\" data-element_type=\"container\" data-settings=\"{&quot;background_background&quot;:&quot;classic&quot;}\">\n\t\t\t\t\t<div class=\"e-con-inner\">\n\t\t\t\t<div class=\"elementor-element elementor-element-9c3ac06 elementor-widget elementor-widget-heading\" data-id=\"9c3ac06\" data-element_type=\"widget\" data-widget_type=\"heading.default\">\n\t\t\t\t<div class=\"elementor-widget-container\">\n\t\t\t\t\t<h2 class=\"elementor-heading-title elementor-size-default\">An\u00e1lisis situacional<\/h2>\t\t\t\t<\/div>\n\t\t\t\t<\/div>\n\t\t\t\t\t<\/div>\n\t\t\t\t<\/div>\n\t\t<div class=\"elementor-element elementor-element-3753741 e-flex e-con-boxed e-con e-parent\" data-id=\"3753741\" data-element_type=\"container\">\n\t\t\t\t\t<div class=\"e-con-inner\">\n\t\t\t\t<div class=\"elementor-element elementor-element-561e8d1 elementor-widget elementor-widget-spacer\" data-id=\"561e8d1\" data-element_type=\"widget\" data-widget_type=\"spacer.default\">\n\t\t\t\t<div class=\"elementor-widget-container\">\n\t\t\t\t\t\t\t<div class=\"elementor-spacer\">\n\t\t\t<div class=\"elementor-spacer-inner\"><\/div>\n\t\t<\/div>\n\t\t\t\t\t\t<\/div>\n\t\t\t\t<\/div>\n\t\t\t\t\t<\/div>\n\t\t\t\t<\/div>\n\t\t<div class=\"elementor-element elementor-element-2e1af54 e-flex e-con-boxed e-con e-parent\" data-id=\"2e1af54\" data-element_type=\"container\">\n\t\t\t\t\t<div class=\"e-con-inner\">\n\t\t\t\t<div class=\"elementor-element elementor-element-28f9157 elementor-widget elementor-widget-text-editor\" data-id=\"28f9157\" data-element_type=\"widget\" data-widget_type=\"text-editor.default\">\n\t\t\t\t<div class=\"elementor-widget-container\">\n\t\t\t\t\t\t\t\t\t<p style=\"text-align: justify;\">El presente informe, enmarcado en el proyecto de \u201cAuditoria Social, como una estrategia para un cambio transformador de la Sociedad, a trav\u00e9s de las Tecnolog\u00edas Digitales, para determinar la violaci\u00f3n del acceso a la informaci\u00f3n p\u00fablica en Venezuela\u201d, tiene como objetivo principal analizar la problem\u00e1tica del acceso a la informaci\u00f3n p\u00fablica en Venezuela, utilizando las tecnolog\u00edas digitales como herramienta fundamental. A trav\u00e9s de este an\u00e1lisis situacional, se busca identificar las principales barreras que obstaculizan el ejercicio de este derecho; as\u00ed como, proponer soluciones innovadoras para promover la transparencia y la rendici\u00f3n de cuentas en la gesti\u00f3n p\u00fablica.<\/p><p style=\"text-align: justify;\">A partir del m\u00e9todo del an\u00e1lisis situacional, se analizaron las dificultades, fallas, oportunidades y riesgos que se dan en Venezuela, relacionados con la violaci\u00f3n al derecho al acceso a la informaci\u00f3n p\u00fablica, durante los \u00faltimos a\u00f1os, y como el uso de las Tecnolog\u00edas Digitales (TD) pueden llegar a facilitar auditor\u00edas sociales para defender los derechos humanos (DDHH).<\/p><p style=\"text-align: justify;\">El an\u00e1lisis situacional est\u00e1 orientado a definir, clasificar, desglosar, jerarquizar y ponderar, las principales limitantes del derecho al acceso a la informaci\u00f3n p\u00fablica en Venezuela permitiendo as\u00ed, actuar eficientemente con base a criterios y planes establecidos.<\/p><p><a href=\"https:\/\/eslared.net\/auditoria-social-tic\/wp-content\/uploads\/2025\/02\/Analisis_Situacional_Febrero2025.pdf\" target=\"_blank\" rel=\"noopener\"><strong>Leer m\u00e1s &#8230;<\/strong><\/a><\/p>\t\t\t\t\t\t\t\t<\/div>\n\t\t\t\t<\/div>\n\t\t\t\t\t<\/div>\n\t\t\t\t<\/div>\n\t\t\t\t<\/div>\n\t\t","protected":false},"excerpt":{"rendered":"<p>An\u00e1lisis situacional El presente informe, enmarcado en el proyecto de \u201cAuditoria Social, como una estrategia para un cambio transformador de la Sociedad, a trav\u00e9s de las Tecnolog\u00edas Digitales, para determinar la violaci\u00f3n del acceso a la informaci\u00f3n p\u00fablica en Venezuela\u201d, tiene como objetivo principal analizar la problem\u00e1tica del acceso a la informaci\u00f3n p\u00fablica en Venezuela,&hellip;&nbsp;<a href=\"https:\/\/eslared.net\/auditoria-social-tic\/analisis-situacional\/\" rel=\"bookmark\">Leer m\u00e1s &raquo;<span class=\"screen-reader-text\">An\u00e1lisis situacional<\/span><\/a><\/p>\n","protected":false},"author":1,"featured_media":0,"parent":0,"menu_order":0,"comment_status":"closed","ping_status":"closed","template":"page-templates\/template-pagebuilder-full-width.php","meta":{"neve_meta_sidebar":"","neve_meta_container":"","neve_meta_enable_content_width":"","neve_meta_content_width":0,"neve_meta_title_alignment":"","neve_meta_author_avatar":"","neve_post_elements_order":"","neve_meta_disable_header":"","neve_meta_disable_footer":"","neve_meta_disable_title":"","footnotes":""},"class_list":["post-323","page","type-page","status-publish","hentry"],"_links":{"self":[{"href":"https:\/\/eslared.net\/auditoria-social-tic\/wp-json\/wp\/v2\/pages\/323","targetHints":{"allow":["GET"]}}],"collection":[{"href":"https:\/\/eslared.net\/auditoria-social-tic\/wp-json\/wp\/v2\/pages"}],"about":[{"href":"https:\/\/eslared.net\/auditoria-social-tic\/wp-json\/wp\/v2\/types\/page"}],"author":[{"embeddable":true,"href":"https:\/\/eslared.net\/auditoria-social-tic\/wp-json\/wp\/v2\/users\/1"}],"replies":[{"embeddable":true,"href":"https:\/\/eslared.net\/auditoria-social-tic\/wp-json\/wp\/v2\/comments?post=323"}],"version-history":[{"count":13,"href":"https:\/\/eslared.net\/auditoria-social-tic\/wp-json\/wp\/v2\/pages\/323\/revisions"}],"predecessor-version":[{"id":343,"href":"https:\/\/eslared.net\/auditoria-social-tic\/wp-json\/wp\/v2\/pages\/323\/revisions\/343"}],"wp:attachment":[{"href":"https:\/\/eslared.net\/auditoria-social-tic\/wp-json\/wp\/v2\/media?parent=323"}],"curies":[{"name":"wp","href":"https:\/\/api.w.org\/{rel}","templated":true}]}}