{"id":129,"date":"2025-02-24T05:53:58","date_gmt":"2025-02-24T09:53:58","guid":{"rendered":"https:\/\/eslared.net\/auditoria-social-tic\/?page_id=129"},"modified":"2025-02-25T10:00:02","modified_gmt":"2025-02-25T14:00:02","slug":"creditos","status":"publish","type":"page","link":"https:\/\/eslared.net\/auditoria-social-tic\/creditos\/","title":{"rendered":"Cr\u00e9ditos"},"content":{"rendered":"\t\t<div data-elementor-type=\"wp-page\" data-elementor-id=\"129\" class=\"elementor elementor-129\">\n\t\t\t\t<div class=\"elementor-element elementor-element-595fb93 e-flex e-con-boxed e-con e-parent\" data-id=\"595fb93\" data-element_type=\"container\" data-settings=\"{&quot;background_background&quot;:&quot;classic&quot;}\">\n\t\t\t\t\t<div class=\"e-con-inner\">\n\t\t\t\t<div class=\"elementor-element elementor-element-9c3ac06 elementor-widget elementor-widget-heading\" data-id=\"9c3ac06\" data-element_type=\"widget\" data-widget_type=\"heading.default\">\n\t\t\t\t<div class=\"elementor-widget-container\">\n\t\t\t\t\t<h2 class=\"elementor-heading-title elementor-size-default\">Cr\u00e9ditos<\/h2>\t\t\t\t<\/div>\n\t\t\t\t<\/div>\n\t\t\t\t\t<\/div>\n\t\t\t\t<\/div>\n\t\t<div class=\"elementor-element elementor-element-97773db e-flex e-con-boxed e-con e-parent\" data-id=\"97773db\" data-element_type=\"container\">\n\t\t\t\t\t<div class=\"e-con-inner\">\n\t\t\t\t<div class=\"elementor-element elementor-element-544310f elementor-widget elementor-widget-text-editor\" data-id=\"544310f\" data-element_type=\"widget\" data-widget_type=\"text-editor.default\">\n\t\t\t\t<div class=\"elementor-widget-container\">\n\t\t\t\t\t\t\t\t\t<p>\u00a0<\/p><p>Ing. Edmundo Vitale &#8211; Gerente Administrativo<br \/>Dra. Beatriz Sandia &#8211; L\u00edder Proyecto. Investigadora<br \/>Dra. Sandra Ben\u00edtez &#8211; L\u00edder Proyecto. Investigadora<br \/>Dra. Laura Obando &#8211; Investigadora<br \/>Ing. Nelly Gonz\u00e1lez &#8211; Asistente de Investigaci\u00f3n<br \/>TSU. Maitreyi Sosa Bonett &#8211; Asistente de Investigaci\u00f3n<br \/>Lic. Miguel Angel Morales Contreras &#8211; Diagramador Gr\u00e1fico<br \/>Ing. Yubiryn Ram\u00edrez &#8211; Desarrollador Web<\/p><p>\u00a0<\/p><p><strong>Fotograf\u00edas t<\/strong><strong>omadas de <a href=\"https:\/\/pixabay.com\/es\/\" target=\"_blank\" rel=\"noopener\">PIXABAY<\/a><\/strong><\/p><p><strong>Fotograf\u00eda 1: Internet pantalla t\u00e1ctil.<\/strong><br \/>Tomada de <a href=\"https:\/\/pixabay.com\/es\/photos\/internet-pantalla-t%C3%A1ctil-3484137\/\" target=\"_blank\" rel=\"noopener\">https:\/\/pixabay.com\/es\/photos\/internet-pantalla-t%C3%A1ctil-3484137\/<\/a><br \/>Autor: <a href=\"https:\/\/pixabay.com\/es\/users\/geralt-9301\/\" target=\"_blank\" rel=\"noopener\">geralt<\/a><br \/>Tipo de medio: JPG<br \/>Resoluci\u00f3n: 4365 x 2734<br \/>Fecha de publicaci\u00f3n: 19 de junio de 2018<\/p><p><strong>Fotograf\u00eda 2: Ransomware delito cibern\u00e9tico.<\/strong><br \/>Tomada de <a href=\"https:\/\/pixabay.com\/es\/photos\/ransomware-delito-cibern%C3%A9tico-2320941\/\" target=\"_blank\" rel=\"noopener\">https:\/\/pixabay.com\/es\/photos\/ransomware-delito-cibern%C3%A9tico-2320941\/<\/a><br \/>Autor: <a href=\"https:\/\/pixabay.com\/es\/users\/thedigitalartist-202249\/\" target=\"_blank\" rel=\"noopener\">TheDigitalArtist<\/a><br \/>Tipo de medio: JPG<br \/>Resoluci\u00f3n: 4500 x 3000<br \/>Fecha de publicaci\u00f3n: 17 de mayo de 2017<\/p><p><strong>Fotograf\u00eda 3: Examen negocio conferencia hombre.<\/strong><br \/>Tomada de <a href=\"https:\/\/pixabay.com\/es\/photos\/examen-negocio-conferencia-hombre-4168371\/\" target=\"_blank\" rel=\"noopener\">https:\/\/pixabay.com\/es\/photos\/examen-negocio-conferencia-hombre-4168371\/<\/a><br \/>Autor: <a href=\"https:\/\/pixabay.com\/es\/users\/jaimeplopes-5368681\/\" target=\"_blank\" rel=\"noopener\">JaimePLopes<\/a> <br \/>Tipo de medio: JPG<\/p><p><strong>Fotograf\u00eda 4: Pol\u00edtica de privacidad y seguridad.<\/strong><br \/>Tomada de <a href=\"https:\/\/pixabay.com\/es\/photos\/pol\u00edtica-de-privacidad-seguridad-4521074\/\" target=\"_blank\" rel=\"noopener\">https:\/\/pixabay.com\/es\/photos\/pol\u00edtica-de-privacidad-seguridad-4521074\/<\/a><br \/>Autor: <a href=\"https:\/\/pixabay.com\/es\/users\/schluesseldienst-13794927\/\" target=\"_blank\" rel=\"noopener\">Schluesseldienst<\/a><br \/>Tipo de medio: JPG<br \/>Resoluci\u00f3n: 4592 x 3448<br \/>Fecha de publicaci\u00f3n: 2 de octubre de 2019<\/p><p><strong>Fotograf\u00eda 5: Leer el peri\u00f3dico hombre.<\/strong><br \/>Tomada de <a href=\"https:\/\/pixabay.com\/es\/photos\/leer-el-peri%C3%B3dico-peri%C3%B3dico-hombre-277060\/\" target=\"_blank\" rel=\"noopener\">https:\/\/pixabay.com\/es\/photos\/leer-el-peri%C3%B3dico-peri%C3%B3dico-hombre-277060\/<\/a> <br \/>Autor: <a href=\"https:\/\/pixabay.com\/es\/users\/kalhh-86169\/\" target=\"_blank\" rel=\"noopener\">kalhh<\/a><br \/>Tipo de medio: JPG<br \/>Resoluci\u00f3n: 2256 x 1504<br \/>Fecha de publicaci\u00f3n: 27 de febrero de 2014<\/p><p><strong>Fotograf\u00eda 6: Entrega de peri\u00f3dico en buz\u00f3n.<\/strong><br \/>Tomada de <a href=\"https:\/\/pixabay.com\/es\/photos\/peri\u00f3dico-entrega-de-peri\u00f3dico-buz\u00f3n-1746350\/\" target=\"_blank\" rel=\"noopener\">https:\/\/pixabay.com\/es\/photos\/peri\u00f3dico-entrega-de-peri\u00f3dico-buz\u00f3n-1746350\/<\/a> <br \/>Autor: <a href=\"https:\/\/pixabay.com\/es\/users\/meineresterampe-26089\/\" target=\"_blank\" rel=\"noopener\">meineresterampe<\/a><br \/>Tipo de medio: JPG<br \/>Resoluci\u00f3n: 5184 x 3456<br \/>Fecha de publicaci\u00f3n: 17 de octubre de 2016<\/p>\t\t\t\t\t\t\t\t<\/div>\n\t\t\t\t<\/div>\n\t\t\t\t\t<\/div>\n\t\t\t\t<\/div>\n\t\t\t\t<\/div>\n\t\t","protected":false},"excerpt":{"rendered":"<p>Cr\u00e9ditos \u00a0 Ing. Edmundo Vitale &#8211; Gerente AdministrativoDra. Beatriz Sandia &#8211; L\u00edder Proyecto. InvestigadoraDra. Sandra Ben\u00edtez &#8211; L\u00edder Proyecto. InvestigadoraDra. Laura Obando &#8211; InvestigadoraIng. Nelly Gonz\u00e1lez &#8211; Asistente de Investigaci\u00f3nTSU. Maitreyi Sosa Bonett &#8211; Asistente de Investigaci\u00f3nLic. Miguel Angel Morales Contreras &#8211; Diagramador Gr\u00e1ficoIng. Yubiryn Ram\u00edrez &#8211; Desarrollador Web \u00a0 Fotograf\u00edas tomadas de PIXABAY Fotograf\u00eda&hellip;&nbsp;<a href=\"https:\/\/eslared.net\/auditoria-social-tic\/creditos\/\" rel=\"bookmark\">Leer m\u00e1s &raquo;<span class=\"screen-reader-text\">Cr\u00e9ditos<\/span><\/a><\/p>\n","protected":false},"author":1,"featured_media":0,"parent":0,"menu_order":0,"comment_status":"closed","ping_status":"closed","template":"page-templates\/template-pagebuilder-full-width.php","meta":{"neve_meta_sidebar":"","neve_meta_container":"","neve_meta_enable_content_width":"","neve_meta_content_width":0,"neve_meta_title_alignment":"","neve_meta_author_avatar":"","neve_post_elements_order":"","neve_meta_disable_header":"","neve_meta_disable_footer":"","neve_meta_disable_title":"","footnotes":""},"class_list":["post-129","page","type-page","status-publish","hentry"],"_links":{"self":[{"href":"https:\/\/eslared.net\/auditoria-social-tic\/wp-json\/wp\/v2\/pages\/129","targetHints":{"allow":["GET"]}}],"collection":[{"href":"https:\/\/eslared.net\/auditoria-social-tic\/wp-json\/wp\/v2\/pages"}],"about":[{"href":"https:\/\/eslared.net\/auditoria-social-tic\/wp-json\/wp\/v2\/types\/page"}],"author":[{"embeddable":true,"href":"https:\/\/eslared.net\/auditoria-social-tic\/wp-json\/wp\/v2\/users\/1"}],"replies":[{"embeddable":true,"href":"https:\/\/eslared.net\/auditoria-social-tic\/wp-json\/wp\/v2\/comments?post=129"}],"version-history":[{"count":55,"href":"https:\/\/eslared.net\/auditoria-social-tic\/wp-json\/wp\/v2\/pages\/129\/revisions"}],"predecessor-version":[{"id":300,"href":"https:\/\/eslared.net\/auditoria-social-tic\/wp-json\/wp\/v2\/pages\/129\/revisions\/300"}],"wp:attachment":[{"href":"https:\/\/eslared.net\/auditoria-social-tic\/wp-json\/wp\/v2\/media?parent=129"}],"curies":[{"name":"wp","href":"https:\/\/api.w.org\/{rel}","templated":true}]}}